{"id":3002,"date":"2023-11-27T17:19:56","date_gmt":"2023-11-27T22:19:56","guid":{"rendered":"https:\/\/deshidratadosdlara.com\/?post_type=product&#038;p=3002"},"modified":"2026-01-22T15:30:55","modified_gmt":"2026-01-22T20:30:55","slug":"aromatica-mix-frutas-amarillas-12-bolsitas-de-10-gr-copia","status":"publish","type":"product","link":"https:\/\/deshidratadosdlara.com\/en\/product\/aromatica-mix-frutas-amarillas-12-bolsitas-de-10-gr-copia\/","title":{"rendered":"AROMATICA Mix frutas AMARILLAS                     ( 12  bolsitas de 10 gr.)"},"content":{"rendered":"<p>AROMATICA\u00a0 Mix frutas AMARILLAS\u00a0 \u00a0 ( 12 bolsitas de 10 gr)<\/p>\n<p>CONTENIDO: cada bolsita\u00a0 tiene\u00a0 trocitos de Pi\u00f1a, Mango, Fresa y\u00a0 Uchuva, deliciosamente combinados para hacer\u00a0 infusion, 100% natural, sin qu\u00edmicos , ni conservantes, sin adici\u00f3n de az\u00facar.<\/p>\n<p>Disuelva\u00a0 el contenido de la bolsita ( 10 gr) , en una taza con agua caliente, espere\u00a0 de 3 a 5 minutos y disfrute el sabor de la arom\u00e1tica y de los trocitos de fruta.<\/p>\n<p>Puede adicionar hielo y soda para una bebida refrescante.<\/p>\n<p>&nbsp;<\/p>\n<div id=\"deshi-1772727300\" class=\"deshi-despues-del-contenido deshi-entity-placement\"><a href=\"https:\/\/digiartia.com\" aria-label=\"PortadaFacebook-1-1-1-1-1-1-1-1-1-1-1-1-1-1-1-1-1-1-1-1-1-1-1-1-1-1-1-1-1-1-1-1-1-1-1-1-1-1-1-1-1-1-1-1-1-1-1-1-1-1-1-1-1-1-1-1-1-1-1-1-1-1-1-1-1.jpg\"><img src=\"https:\/\/deshidratadosdlara.com\/wp-content\/uploads\/2020\/10\/PortadaFacebook-1-1-1-1-1-1-1-1-1-1-1-1-1-1-1-1-1-1-1-1-1-1-1-1-1-1-1-1-1-1-1-1-1-1-1-1-1-1-1-1-1-1-1-1-1-1-1-1-1-1-1-1-1-1-1-1-1-1-1-1-1-1-1-1-1-1.jpg\" alt=\"\"  srcset=\"https:\/\/deshidratadosdlara.com\/wp-content\/uploads\/2020\/10\/PortadaFacebook-1-1-1-1-1-1-1-1-1-1-1-1-1-1-1-1-1-1-1-1-1-1-1-1-1-1-1-1-1-1-1-1-1-1-1-1-1-1-1-1-1-1-1-1-1-1-1-1-1-1-1-1-1-1-1-1-1-1-1-1-1-1-1-1-1-1.jpg 820w, https:\/\/deshidratadosdlara.com\/wp-content\/uploads\/2020\/10\/PortadaFacebook-1-1-1-1-1-1-1-1-1-1-1-1-1-1-1-1-1-1-1-1-1-1-1-1-1-1-1-1-1-1-1-1-1-1-1-1-1-1-1-1-1-1-1-1-1-1-1-1-1-1-1-1-1-1-1-1-1-1-1-1-1-1-1-1-1-1-300x114.jpg 300w, https:\/\/deshidratadosdlara.com\/wp-content\/uploads\/2020\/10\/PortadaFacebook-1-1-1-1-1-1-1-1-1-1-1-1-1-1-1-1-1-1-1-1-1-1-1-1-1-1-1-1-1-1-1-1-1-1-1-1-1-1-1-1-1-1-1-1-1-1-1-1-1-1-1-1-1-1-1-1-1-1-1-1-1-1-1-1-1-1-768x292.jpg 768w, https:\/\/deshidratadosdlara.com\/wp-content\/uploads\/2020\/10\/PortadaFacebook-1-1-1-1-1-1-1-1-1-1-1-1-1-1-1-1-1-1-1-1-1-1-1-1-1-1-1-1-1-1-1-1-1-1-1-1-1-1-1-1-1-1-1-1-1-1-1-1-1-1-1-1-1-1-1-1-1-1-1-1-1-1-1-1-1-1-600x228.jpg 600w\" sizes=\"(max-width: 820px) 100vw, 820px\" width=\"300\" height=\"150\"  style=\"display: inline-block;\" \/><\/a><\/div>","protected":false},"excerpt":{"rendered":"<p>Mix Frutas Amarillas<\/p>\n<p>Ingredientes: Mango, pi\u00f1a, fresa, uchuva.<\/p>\n<p>&nbsp;<\/p>\n<p>&nbsp;<\/p>","protected":false},"featured_media":3003,"template":"","meta":{"site-sidebar-layout":"default","site-content-layout":"default","ast-site-content-layout":"default","site-content-style":"default","site-sidebar-style":"default","ast-global-header-display":"","ast-banner-title-visibility":"","ast-main-header-display":"","ast-hfb-above-header-display":"","ast-hfb-below-header-display":"","ast-hfb-mobile-header-display":"","site-post-title":"","ast-breadcrumbs-content":"","ast-featured-img":"","footer-sml-layout":"","ast-disable-related-posts":"","theme-transparent-header-meta":"default","adv-header-id-meta":"","stick-header-meta":"","header-above-stick-meta":"","header-main-stick-meta":"","header-below-stick-meta":"","astra-migrate-meta-layouts":"set","ast-page-background-enabled":"default","ast-page-background-meta":{"desktop":{"background-color":"","background-image":"","background-repeat":"repeat","background-position":"center center","background-size":"auto","background-attachment":"scroll","background-type":"","background-media":"","overlay-type":"","overlay-color":"","overlay-opacity":"","overlay-gradient":""},"tablet":{"background-color":"","background-image":"","background-repeat":"repeat","background-position":"center center","background-size":"auto","background-attachment":"scroll","background-type":"","background-media":"","overlay-type":"","overlay-color":"","overlay-opacity":"","overlay-gradient":""},"mobile":{"background-color":"","background-image":"","background-repeat":"repeat","background-position":"center center","background-size":"auto","background-attachment":"scroll","background-type":"","background-media":"","overlay-type":"","overlay-color":"","overlay-opacity":"","overlay-gradient":""}},"ast-content-background-meta":{"desktop":{"background-color":"var(--ast-global-color-5)","background-image":"","background-repeat":"repeat","background-position":"center center","background-size":"auto","background-attachment":"scroll","background-type":"","background-media":"","overlay-type":"","overlay-color":"","overlay-opacity":"","overlay-gradient":""},"tablet":{"background-color":"var(--ast-global-color-5)","background-image":"","background-repeat":"repeat","background-position":"center center","background-size":"auto","background-attachment":"scroll","background-type":"","background-media":"","overlay-type":"","overlay-color":"","overlay-opacity":"","overlay-gradient":""},"mobile":{"background-color":"var(--ast-global-color-5)","background-image":"","background-repeat":"repeat","background-position":"center center","background-size":"auto","background-attachment":"scroll","background-type":"","background-media":"","overlay-type":"","overlay-color":"","overlay-opacity":"","overlay-gradient":""}},"_joinchat":[]},"product_brand":[],"product_cat":[29],"product_tag":[],"class_list":{"0":"post-3002","1":"product","2":"type-product","3":"status-publish","4":"has-post-thumbnail","6":"product_cat-aromaticas","7":"desktop-align-left","8":"tablet-align-left","9":"mobile-align-left","11":"first","12":"instock","13":"taxable","14":"shipping-taxable","15":"purchasable","16":"product-type-simple"},"yoast_head":"<!-- This site is optimized with the Yoast SEO plugin v27.4 - https:\/\/yoast.com\/product\/yoast-seo-wordpress\/ -->\n<title>AROMATICA Mix frutas AMARILLAS           ( 12 bolsitas de 10 gr.) - Deshidratados<\/title>\n<meta name=\"robots\" content=\"index, follow, max-snippet:-1, max-image-preview:large, max-video-preview:-1\" \/>\n<link rel=\"canonical\" href=\"https:\/\/deshidratadosdlara.com\/en\/product\/aromatica-mix-frutas-amarillas-12-bolsitas-de-10-gr-copia\/\" \/>\n<meta property=\"og:locale\" content=\"en_US\" \/>\n<meta property=\"og:type\" content=\"article\" \/>\n<meta property=\"og:title\" content=\"AROMATICA Mix frutas AMARILLAS           ( 12 bolsitas de 10 gr.) - Deshidratados\" \/>\n<meta property=\"og:description\" content=\"Mix Frutas Amarillas  Ingredientes: Mango, pi\u00f1a, fresa, uchuva.  &nbsp;  &nbsp;\" \/>\n<meta property=\"og:url\" content=\"https:\/\/deshidratadosdlara.com\/en\/product\/aromatica-mix-frutas-amarillas-12-bolsitas-de-10-gr-copia\/\" \/>\n<meta property=\"og:site_name\" content=\"Deshidratados\" \/>\n<meta property=\"article:modified_time\" content=\"2026-01-22T20:30:55+00:00\" \/>\n<meta property=\"og:image\" content=\"https:\/\/deshidratadosdlara.com\/wp-content\/uploads\/2023\/11\/Mix-Frutas-amarillas-x-12.png\" \/>\n\t<meta property=\"og:image:width\" content=\"433\" \/>\n\t<meta property=\"og:image:height\" content=\"577\" \/>\n\t<meta property=\"og:image:type\" content=\"image\/png\" \/>\n<meta name=\"twitter:card\" content=\"summary_large_image\" \/>\n<meta name=\"twitter:label1\" content=\"Est. reading time\" \/>\n\t<meta name=\"twitter:data1\" content=\"1 minute\" \/>\n<script type=\"application\/ld+json\" class=\"yoast-schema-graph\">{\"@context\":\"https:\\\/\\\/schema.org\",\"@graph\":[{\"@type\":\"WebPage\",\"@id\":\"https:\\\/\\\/deshidratadosdlara.com\\\/product\\\/aromatica-mix-frutas-amarillas-12-bolsitas-de-10-gr-copia\\\/\",\"url\":\"https:\\\/\\\/deshidratadosdlara.com\\\/product\\\/aromatica-mix-frutas-amarillas-12-bolsitas-de-10-gr-copia\\\/\",\"name\":\"AROMATICA Mix frutas AMARILLAS ( 12 bolsitas de 10 gr.) - Deshidratados\",\"isPartOf\":{\"@id\":\"http:\\\/\\\/deshidratadosdlara.com\\\/en\\\/#website\"},\"primaryImageOfPage\":{\"@id\":\"https:\\\/\\\/deshidratadosdlara.com\\\/product\\\/aromatica-mix-frutas-amarillas-12-bolsitas-de-10-gr-copia\\\/#primaryimage\"},\"image\":{\"@id\":\"https:\\\/\\\/deshidratadosdlara.com\\\/product\\\/aromatica-mix-frutas-amarillas-12-bolsitas-de-10-gr-copia\\\/#primaryimage\"},\"thumbnailUrl\":\"https:\\\/\\\/deshidratadosdlara.com\\\/wp-content\\\/uploads\\\/2023\\\/11\\\/Mix-Frutas-amarillas-x-12.png\",\"datePublished\":\"2023-11-27T22:19:56+00:00\",\"dateModified\":\"2026-01-22T20:30:55+00:00\",\"breadcrumb\":{\"@id\":\"https:\\\/\\\/deshidratadosdlara.com\\\/product\\\/aromatica-mix-frutas-amarillas-12-bolsitas-de-10-gr-copia\\\/#breadcrumb\"},\"inLanguage\":\"en-US\",\"potentialAction\":[{\"@type\":\"ReadAction\",\"target\":[\"https:\\\/\\\/deshidratadosdlara.com\\\/product\\\/aromatica-mix-frutas-amarillas-12-bolsitas-de-10-gr-copia\\\/\"]}]},{\"@type\":\"ImageObject\",\"inLanguage\":\"en-US\",\"@id\":\"https:\\\/\\\/deshidratadosdlara.com\\\/product\\\/aromatica-mix-frutas-amarillas-12-bolsitas-de-10-gr-copia\\\/#primaryimage\",\"url\":\"https:\\\/\\\/deshidratadosdlara.com\\\/wp-content\\\/uploads\\\/2023\\\/11\\\/Mix-Frutas-amarillas-x-12.png\",\"contentUrl\":\"https:\\\/\\\/deshidratadosdlara.com\\\/wp-content\\\/uploads\\\/2023\\\/11\\\/Mix-Frutas-amarillas-x-12.png\",\"width\":433,\"height\":577},{\"@type\":\"BreadcrumbList\",\"@id\":\"https:\\\/\\\/deshidratadosdlara.com\\\/product\\\/aromatica-mix-frutas-amarillas-12-bolsitas-de-10-gr-copia\\\/#breadcrumb\",\"itemListElement\":[{\"@type\":\"ListItem\",\"position\":1,\"name\":\"Home\",\"item\":\"https:\\\/\\\/deshidratadosdlara.com\\\/\"},{\"@type\":\"ListItem\",\"position\":2,\"name\":\"TIENDA\",\"item\":\"http:\\\/\\\/deshidratadosdlara.com\\\/en\\\/tienda\\\/\"},{\"@type\":\"ListItem\",\"position\":3,\"name\":\"AROMATICA Mix frutas AMARILLAS ( 12 bolsitas de 10 gr.)\"}]},{\"@type\":\"WebSite\",\"@id\":\"http:\\\/\\\/deshidratadosdlara.com\\\/en\\\/#website\",\"url\":\"http:\\\/\\\/deshidratadosdlara.com\\\/en\\\/\",\"name\":\"Deshidratados\",\"description\":\"\",\"publisher\":{\"@id\":\"http:\\\/\\\/deshidratadosdlara.com\\\/en\\\/#organization\"},\"potentialAction\":[{\"@type\":\"SearchAction\",\"target\":{\"@type\":\"EntryPoint\",\"urlTemplate\":\"http:\\\/\\\/deshidratadosdlara.com\\\/en\\\/?s={search_term_string}\"},\"query-input\":{\"@type\":\"PropertyValueSpecification\",\"valueRequired\":true,\"valueName\":\"search_term_string\"}}],\"inLanguage\":\"en-US\"},{\"@type\":\"Organization\",\"@id\":\"http:\\\/\\\/deshidratadosdlara.com\\\/en\\\/#organization\",\"name\":\"Deshidratados\",\"url\":\"http:\\\/\\\/deshidratadosdlara.com\\\/en\\\/\",\"logo\":{\"@type\":\"ImageObject\",\"inLanguage\":\"en-US\",\"@id\":\"http:\\\/\\\/deshidratadosdlara.com\\\/en\\\/#\\\/schema\\\/logo\\\/image\\\/\",\"url\":\"https:\\\/\\\/deshidratadosdlara.com\\\/wp-content\\\/uploads\\\/2020\\\/09\\\/Logo-Gumbia-1-e1601385953122.png\",\"contentUrl\":\"https:\\\/\\\/deshidratadosdlara.com\\\/wp-content\\\/uploads\\\/2020\\\/09\\\/Logo-Gumbia-1-e1601385953122.png\",\"width\":180,\"height\":97,\"caption\":\"Deshidratados\"},\"image\":{\"@id\":\"http:\\\/\\\/deshidratadosdlara.com\\\/en\\\/#\\\/schema\\\/logo\\\/image\\\/\"}}]}<\/script>\n<!-- \/ Yoast SEO plugin. -->","yoast_head_json":{"title":"AROMATICA Mix frutas AMARILLAS           ( 12 bolsitas de 10 gr.) - Deshidratados","robots":{"index":"index","follow":"follow","max-snippet":"max-snippet:-1","max-image-preview":"max-image-preview:large","max-video-preview":"max-video-preview:-1"},"canonical":"https:\/\/deshidratadosdlara.com\/en\/product\/aromatica-mix-frutas-amarillas-12-bolsitas-de-10-gr-copia\/","og_locale":"en_US","og_type":"article","og_title":"AROMATICA Mix frutas AMARILLAS           ( 12 bolsitas de 10 gr.) - Deshidratados","og_description":"Mix Frutas Amarillas  Ingredientes: Mango, pi\u00f1a, fresa, uchuva.  &nbsp;  &nbsp;","og_url":"https:\/\/deshidratadosdlara.com\/en\/product\/aromatica-mix-frutas-amarillas-12-bolsitas-de-10-gr-copia\/","og_site_name":"Deshidratados","article_modified_time":"2026-01-22T20:30:55+00:00","og_image":[{"width":433,"height":577,"url":"https:\/\/deshidratadosdlara.com\/wp-content\/uploads\/2023\/11\/Mix-Frutas-amarillas-x-12.png","type":"image\/png"}],"twitter_card":"summary_large_image","twitter_misc":{"Est. reading time":"1 minute"},"schema":{"@context":"https:\/\/schema.org","@graph":[{"@type":"WebPage","@id":"https:\/\/deshidratadosdlara.com\/product\/aromatica-mix-frutas-amarillas-12-bolsitas-de-10-gr-copia\/","url":"https:\/\/deshidratadosdlara.com\/product\/aromatica-mix-frutas-amarillas-12-bolsitas-de-10-gr-copia\/","name":"AROMATICA Mix frutas AMARILLAS ( 12 bolsitas de 10 gr.) - Deshidratados","isPartOf":{"@id":"http:\/\/deshidratadosdlara.com\/en\/#website"},"primaryImageOfPage":{"@id":"https:\/\/deshidratadosdlara.com\/product\/aromatica-mix-frutas-amarillas-12-bolsitas-de-10-gr-copia\/#primaryimage"},"image":{"@id":"https:\/\/deshidratadosdlara.com\/product\/aromatica-mix-frutas-amarillas-12-bolsitas-de-10-gr-copia\/#primaryimage"},"thumbnailUrl":"https:\/\/deshidratadosdlara.com\/wp-content\/uploads\/2023\/11\/Mix-Frutas-amarillas-x-12.png","datePublished":"2023-11-27T22:19:56+00:00","dateModified":"2026-01-22T20:30:55+00:00","breadcrumb":{"@id":"https:\/\/deshidratadosdlara.com\/product\/aromatica-mix-frutas-amarillas-12-bolsitas-de-10-gr-copia\/#breadcrumb"},"inLanguage":"en-US","potentialAction":[{"@type":"ReadAction","target":["https:\/\/deshidratadosdlara.com\/product\/aromatica-mix-frutas-amarillas-12-bolsitas-de-10-gr-copia\/"]}]},{"@type":"ImageObject","inLanguage":"en-US","@id":"https:\/\/deshidratadosdlara.com\/product\/aromatica-mix-frutas-amarillas-12-bolsitas-de-10-gr-copia\/#primaryimage","url":"https:\/\/deshidratadosdlara.com\/wp-content\/uploads\/2023\/11\/Mix-Frutas-amarillas-x-12.png","contentUrl":"https:\/\/deshidratadosdlara.com\/wp-content\/uploads\/2023\/11\/Mix-Frutas-amarillas-x-12.png","width":433,"height":577},{"@type":"BreadcrumbList","@id":"https:\/\/deshidratadosdlara.com\/product\/aromatica-mix-frutas-amarillas-12-bolsitas-de-10-gr-copia\/#breadcrumb","itemListElement":[{"@type":"ListItem","position":1,"name":"Home","item":"https:\/\/deshidratadosdlara.com\/"},{"@type":"ListItem","position":2,"name":"TIENDA","item":"http:\/\/deshidratadosdlara.com\/en\/tienda\/"},{"@type":"ListItem","position":3,"name":"AROMATICA Mix frutas AMARILLAS ( 12 bolsitas de 10 gr.)"}]},{"@type":"WebSite","@id":"http:\/\/deshidratadosdlara.com\/en\/#website","url":"http:\/\/deshidratadosdlara.com\/en\/","name":"Deshidratados","description":"","publisher":{"@id":"http:\/\/deshidratadosdlara.com\/en\/#organization"},"potentialAction":[{"@type":"SearchAction","target":{"@type":"EntryPoint","urlTemplate":"http:\/\/deshidratadosdlara.com\/en\/?s={search_term_string}"},"query-input":{"@type":"PropertyValueSpecification","valueRequired":true,"valueName":"search_term_string"}}],"inLanguage":"en-US"},{"@type":"Organization","@id":"http:\/\/deshidratadosdlara.com\/en\/#organization","name":"Deshidratados","url":"http:\/\/deshidratadosdlara.com\/en\/","logo":{"@type":"ImageObject","inLanguage":"en-US","@id":"http:\/\/deshidratadosdlara.com\/en\/#\/schema\/logo\/image\/","url":"https:\/\/deshidratadosdlara.com\/wp-content\/uploads\/2020\/09\/Logo-Gumbia-1-e1601385953122.png","contentUrl":"https:\/\/deshidratadosdlara.com\/wp-content\/uploads\/2020\/09\/Logo-Gumbia-1-e1601385953122.png","width":180,"height":97,"caption":"Deshidratados"},"image":{"@id":"http:\/\/deshidratadosdlara.com\/en\/#\/schema\/logo\/image\/"}}]}},"_links":{"self":[{"href":"https:\/\/deshidratadosdlara.com\/en\/wp-json\/wp\/v2\/product\/3002","targetHints":{"allow":["GET"]}}],"collection":[{"href":"https:\/\/deshidratadosdlara.com\/en\/wp-json\/wp\/v2\/product"}],"about":[{"href":"https:\/\/deshidratadosdlara.com\/en\/wp-json\/wp\/v2\/types\/product"}],"version-history":[{"count":3,"href":"https:\/\/deshidratadosdlara.com\/en\/wp-json\/wp\/v2\/product\/3002\/revisions"}],"predecessor-version":[{"id":3146,"href":"https:\/\/deshidratadosdlara.com\/en\/wp-json\/wp\/v2\/product\/3002\/revisions\/3146"}],"wp:featuredmedia":[{"embeddable":true,"href":"https:\/\/deshidratadosdlara.com\/en\/wp-json\/wp\/v2\/media\/3003"}],"wp:attachment":[{"href":"https:\/\/deshidratadosdlara.com\/en\/wp-json\/wp\/v2\/media?parent=3002"}],"wp:term":[{"taxonomy":"product_brand","embeddable":true,"href":"https:\/\/deshidratadosdlara.com\/en\/wp-json\/wp\/v2\/product_brand?post=3002"},{"taxonomy":"product_cat","embeddable":true,"href":"https:\/\/deshidratadosdlara.com\/en\/wp-json\/wp\/v2\/product_cat?post=3002"},{"taxonomy":"product_tag","embeddable":true,"href":"https:\/\/deshidratadosdlara.com\/en\/wp-json\/wp\/v2\/product_tag?post=3002"}],"curies":[{"name":"wp","href":"https:\/\/api.w.org\/{rel}","templated":true}]}}