{"id":2866,"date":"2022-09-13T12:06:10","date_gmt":"2022-09-13T17:06:10","guid":{"rendered":"https:\/\/deshidratadosdlara.com\/?post_type=product&#038;p=2866"},"modified":"2026-01-22T15:34:24","modified_gmt":"2026-01-22T20:34:24","slug":"copia-aromatica-mix-frutas-verdes-limonaria-100-bolsitas-de-10-gr-copia","status":"publish","type":"product","link":"https:\/\/deshidratadosdlara.com\/en\/product\/copia-aromatica-mix-frutas-verdes-limonaria-100-bolsitas-de-10-gr-copia\/","title":{"rendered":"AROMATICA Mix Frutas VERDES    ( 25  bolsitas de 10 gr)"},"content":{"rendered":"<div data-elementor-type=\"wp-post\" data-elementor-id=\"2866\" class=\"elementor elementor-2866\">\n\t\t\t\t\t\t<section class=\"elementor-section elementor-top-section elementor-element elementor-element-5aafa09f elementor-section-boxed elementor-section-height-default elementor-section-height-default\" data-id=\"5aafa09f\" data-element_type=\"section\" data-e-type=\"section\">\n\t\t\t\t\t\t<div class=\"elementor-container elementor-column-gap-default\">\n\t\t\t\t\t<div class=\"elementor-column elementor-col-100 elementor-top-column elementor-element elementor-element-6a59c51f\" data-id=\"6a59c51f\" data-element_type=\"column\" data-e-type=\"column\">\n\t\t\t<div class=\"elementor-widget-wrap elementor-element-populated\">\n\t\t\t\t\t\t<div class=\"elementor-element elementor-element-1ab4317e elementor-widget elementor-widget-text-editor\" data-id=\"1ab4317e\" data-element_type=\"widget\" data-e-type=\"widget\" data-widget_type=\"text-editor.default\">\n\t\t\t\t<div class=\"elementor-widget-container\">\n\t\t\t\t\t\t\t\t\t<p>AROMATICA Mix&nbsp; frutas VERDES&nbsp; &nbsp; (&nbsp; bolsitas de 10 gr)<\/p>\n<p>CONTENIDO: cada bolsita&nbsp; tiene&nbsp; trocitos de Kiwi, Guayaba, Uchuva, Pi\u00f1a y limonaria, deliciosamente combinados para hacer&nbsp; infusion, 100% natural, sin qu\u00edmicos , ni conservantes, sin adici\u00f3n de az\u00facar.<\/p>\n<p>Disuelva&nbsp; el contenido de la bolsita ( 10 gr) , en una taza con agua caliente, espere&nbsp; de 3 a 5 minutos y disfrute el sabor de la arom\u00e1tica y de los trocitos de fruta.<\/p>\n<p>Puede adicionar hielo y soda para una bebida refresc<\/p>\t\t\t\t\t\t\t\t<\/div>\n\t\t\t\t<\/div>\n\t\t\t\t\t<\/div>\n\t\t<\/div>\n\t\t\t\t\t<\/div>\n\t\t<\/section>\n\t\t\t\t<\/div>\n\t\t<div id=\"deshi-1437152052\" class=\"deshi-despues-del-contenido deshi-entity-placement\"><a href=\"https:\/\/digiartia.com\" aria-label=\"PortadaFacebook-1-1-1-1-1-1-1-1-1-1-1-1-1-1-1-1-1-1-1-1-1-1-1-1-1-1-1-1-1-1-1-1-1-1-1-1-1-1-1-1-1-1-1-1-1-1-1-1-1-1-1-1-1-1-1-1-1-1-1-1-1-1-1-1-1.jpg\"><img src=\"https:\/\/deshidratadosdlara.com\/wp-content\/uploads\/2020\/10\/PortadaFacebook-1-1-1-1-1-1-1-1-1-1-1-1-1-1-1-1-1-1-1-1-1-1-1-1-1-1-1-1-1-1-1-1-1-1-1-1-1-1-1-1-1-1-1-1-1-1-1-1-1-1-1-1-1-1-1-1-1-1-1-1-1-1-1-1-1-1.jpg\" alt=\"\"  srcset=\"https:\/\/deshidratadosdlara.com\/wp-content\/uploads\/2020\/10\/PortadaFacebook-1-1-1-1-1-1-1-1-1-1-1-1-1-1-1-1-1-1-1-1-1-1-1-1-1-1-1-1-1-1-1-1-1-1-1-1-1-1-1-1-1-1-1-1-1-1-1-1-1-1-1-1-1-1-1-1-1-1-1-1-1-1-1-1-1-1.jpg 820w, https:\/\/deshidratadosdlara.com\/wp-content\/uploads\/2020\/10\/PortadaFacebook-1-1-1-1-1-1-1-1-1-1-1-1-1-1-1-1-1-1-1-1-1-1-1-1-1-1-1-1-1-1-1-1-1-1-1-1-1-1-1-1-1-1-1-1-1-1-1-1-1-1-1-1-1-1-1-1-1-1-1-1-1-1-1-1-1-1-300x114.jpg 300w, https:\/\/deshidratadosdlara.com\/wp-content\/uploads\/2020\/10\/PortadaFacebook-1-1-1-1-1-1-1-1-1-1-1-1-1-1-1-1-1-1-1-1-1-1-1-1-1-1-1-1-1-1-1-1-1-1-1-1-1-1-1-1-1-1-1-1-1-1-1-1-1-1-1-1-1-1-1-1-1-1-1-1-1-1-1-1-1-1-768x292.jpg 768w, https:\/\/deshidratadosdlara.com\/wp-content\/uploads\/2020\/10\/PortadaFacebook-1-1-1-1-1-1-1-1-1-1-1-1-1-1-1-1-1-1-1-1-1-1-1-1-1-1-1-1-1-1-1-1-1-1-1-1-1-1-1-1-1-1-1-1-1-1-1-1-1-1-1-1-1-1-1-1-1-1-1-1-1-1-1-1-1-1-600x228.jpg 600w\" sizes=\"(max-width: 820px) 100vw, 820px\" width=\"300\" height=\"150\"  style=\"display: inline-block;\" \/><\/a><\/div>","protected":false},"excerpt":{"rendered":"<p>Mix Frutas VERDES<br \/>\nIngredientes: Kiwi, guayaba, uchuva, pi\u00f1a, limonaria.<\/p>\n<p>&nbsp;<\/p>\n<p>&nbsp;<\/p>","protected":false},"featured_media":2958,"template":"","meta":{"site-sidebar-layout":"default","site-content-layout":"default","ast-site-content-layout":"default","site-content-style":"default","site-sidebar-style":"default","ast-global-header-display":"","ast-banner-title-visibility":"","ast-main-header-display":"","ast-hfb-above-header-display":"","ast-hfb-below-header-display":"","ast-hfb-mobile-header-display":"","site-post-title":"","ast-breadcrumbs-content":"","ast-featured-img":"","footer-sml-layout":"","ast-disable-related-posts":"","theme-transparent-header-meta":"default","adv-header-id-meta":"","stick-header-meta":"","header-above-stick-meta":"","header-main-stick-meta":"","header-below-stick-meta":"","astra-migrate-meta-layouts":"set","ast-page-background-enabled":"default","ast-page-background-meta":{"desktop":{"background-color":"","background-image":"","background-repeat":"repeat","background-position":"center center","background-size":"auto","background-attachment":"scroll","background-type":"","background-media":"","overlay-type":"","overlay-color":"","overlay-opacity":"","overlay-gradient":""},"tablet":{"background-color":"","background-image":"","background-repeat":"repeat","background-position":"center center","background-size":"auto","background-attachment":"scroll","background-type":"","background-media":"","overlay-type":"","overlay-color":"","overlay-opacity":"","overlay-gradient":""},"mobile":{"background-color":"","background-image":"","background-repeat":"repeat","background-position":"center center","background-size":"auto","background-attachment":"scroll","background-type":"","background-media":"","overlay-type":"","overlay-color":"","overlay-opacity":"","overlay-gradient":""}},"ast-content-background-meta":{"desktop":{"background-color":"var(--ast-global-color-5)","background-image":"","background-repeat":"repeat","background-position":"center center","background-size":"auto","background-attachment":"scroll","background-type":"","background-media":"","overlay-type":"","overlay-color":"","overlay-opacity":"","overlay-gradient":""},"tablet":{"background-color":"var(--ast-global-color-5)","background-image":"","background-repeat":"repeat","background-position":"center center","background-size":"auto","background-attachment":"scroll","background-type":"","background-media":"","overlay-type":"","overlay-color":"","overlay-opacity":"","overlay-gradient":""},"mobile":{"background-color":"var(--ast-global-color-5)","background-image":"","background-repeat":"repeat","background-position":"center center","background-size":"auto","background-attachment":"scroll","background-type":"","background-media":"","overlay-type":"","overlay-color":"","overlay-opacity":"","overlay-gradient":""}},"_joinchat":[]},"product_brand":[],"product_cat":[29],"product_tag":[],"class_list":{"0":"post-2866","1":"product","2":"type-product","3":"status-publish","4":"has-post-thumbnail","6":"product_cat-aromaticas","7":"desktop-align-left","8":"tablet-align-left","9":"mobile-align-left","11":"first","12":"instock","13":"taxable","14":"shipping-taxable","15":"purchasable","16":"product-type-simple"},"yoast_head":"<!-- This site is optimized with the Yoast SEO plugin v27.5 - https:\/\/yoast.com\/product\/yoast-seo-wordpress\/ -->\n<title>AROMATICA Mix Frutas VERDES  ( 25 bolsitas de 10 gr) - Deshidratados<\/title>\n<meta name=\"robots\" content=\"index, follow, max-snippet:-1, max-image-preview:large, max-video-preview:-1\" \/>\n<link rel=\"canonical\" href=\"https:\/\/deshidratadosdlara.com\/en\/product\/copia-aromatica-mix-frutas-verdes-limonaria-100-bolsitas-de-10-gr-copia\/\" \/>\n<meta property=\"og:locale\" content=\"en_US\" \/>\n<meta property=\"og:type\" content=\"article\" \/>\n<meta property=\"og:title\" content=\"AROMATICA Mix Frutas VERDES  ( 25 bolsitas de 10 gr) - Deshidratados\" \/>\n<meta property=\"og:description\" content=\"Mix Frutas VERDES Ingredientes: Kiwi, guayaba, uchuva, pi\u00f1a, limonaria.  &nbsp;  &nbsp;\" \/>\n<meta property=\"og:url\" content=\"https:\/\/deshidratadosdlara.com\/en\/product\/copia-aromatica-mix-frutas-verdes-limonaria-100-bolsitas-de-10-gr-copia\/\" \/>\n<meta property=\"og:site_name\" content=\"Deshidratados\" \/>\n<meta property=\"article:modified_time\" content=\"2026-01-22T20:34:24+00:00\" \/>\n<meta property=\"og:image\" content=\"https:\/\/deshidratadosdlara.com\/wp-content\/uploads\/2022\/09\/Mix-frutos-verdes-x-25.jpg\" \/>\n\t<meta property=\"og:image:width\" content=\"791\" \/>\n\t<meta property=\"og:image:height\" content=\"1006\" \/>\n\t<meta property=\"og:image:type\" content=\"image\/jpeg\" \/>\n<meta name=\"twitter:card\" content=\"summary_large_image\" \/>\n<meta name=\"twitter:label1\" content=\"Est. reading time\" \/>\n\t<meta name=\"twitter:data1\" content=\"1 minute\" \/>\n<script type=\"application\/ld+json\" class=\"yoast-schema-graph\">{\"@context\":\"https:\\\/\\\/schema.org\",\"@graph\":[{\"@type\":\"WebPage\",\"@id\":\"https:\\\/\\\/deshidratadosdlara.com\\\/product\\\/copia-aromatica-mix-frutas-verdes-limonaria-100-bolsitas-de-10-gr-copia\\\/\",\"url\":\"https:\\\/\\\/deshidratadosdlara.com\\\/product\\\/copia-aromatica-mix-frutas-verdes-limonaria-100-bolsitas-de-10-gr-copia\\\/\",\"name\":\"AROMATICA Mix Frutas VERDES ( 25 bolsitas de 10 gr) - Deshidratados\",\"isPartOf\":{\"@id\":\"http:\\\/\\\/deshidratadosdlara.com\\\/en\\\/#website\"},\"primaryImageOfPage\":{\"@id\":\"https:\\\/\\\/deshidratadosdlara.com\\\/product\\\/copia-aromatica-mix-frutas-verdes-limonaria-100-bolsitas-de-10-gr-copia\\\/#primaryimage\"},\"image\":{\"@id\":\"https:\\\/\\\/deshidratadosdlara.com\\\/product\\\/copia-aromatica-mix-frutas-verdes-limonaria-100-bolsitas-de-10-gr-copia\\\/#primaryimage\"},\"thumbnailUrl\":\"https:\\\/\\\/deshidratadosdlara.com\\\/wp-content\\\/uploads\\\/2022\\\/09\\\/Mix-frutos-verdes-x-25.jpg\",\"datePublished\":\"2022-09-13T17:06:10+00:00\",\"dateModified\":\"2026-01-22T20:34:24+00:00\",\"breadcrumb\":{\"@id\":\"https:\\\/\\\/deshidratadosdlara.com\\\/product\\\/copia-aromatica-mix-frutas-verdes-limonaria-100-bolsitas-de-10-gr-copia\\\/#breadcrumb\"},\"inLanguage\":\"en-US\",\"potentialAction\":[{\"@type\":\"ReadAction\",\"target\":[\"https:\\\/\\\/deshidratadosdlara.com\\\/product\\\/copia-aromatica-mix-frutas-verdes-limonaria-100-bolsitas-de-10-gr-copia\\\/\"]}]},{\"@type\":\"ImageObject\",\"inLanguage\":\"en-US\",\"@id\":\"https:\\\/\\\/deshidratadosdlara.com\\\/product\\\/copia-aromatica-mix-frutas-verdes-limonaria-100-bolsitas-de-10-gr-copia\\\/#primaryimage\",\"url\":\"https:\\\/\\\/deshidratadosdlara.com\\\/wp-content\\\/uploads\\\/2022\\\/09\\\/Mix-frutos-verdes-x-25.jpg\",\"contentUrl\":\"https:\\\/\\\/deshidratadosdlara.com\\\/wp-content\\\/uploads\\\/2022\\\/09\\\/Mix-frutos-verdes-x-25.jpg\",\"width\":791,\"height\":1006},{\"@type\":\"BreadcrumbList\",\"@id\":\"https:\\\/\\\/deshidratadosdlara.com\\\/product\\\/copia-aromatica-mix-frutas-verdes-limonaria-100-bolsitas-de-10-gr-copia\\\/#breadcrumb\",\"itemListElement\":[{\"@type\":\"ListItem\",\"position\":1,\"name\":\"Home\",\"item\":\"https:\\\/\\\/deshidratadosdlara.com\\\/\"},{\"@type\":\"ListItem\",\"position\":2,\"name\":\"TIENDA\",\"item\":\"http:\\\/\\\/deshidratadosdlara.com\\\/en\\\/tienda\\\/\"},{\"@type\":\"ListItem\",\"position\":3,\"name\":\"AROMATICA Mix Frutas VERDES ( 25 bolsitas de 10 gr)\"}]},{\"@type\":\"WebSite\",\"@id\":\"http:\\\/\\\/deshidratadosdlara.com\\\/en\\\/#website\",\"url\":\"http:\\\/\\\/deshidratadosdlara.com\\\/en\\\/\",\"name\":\"Deshidratados\",\"description\":\"\",\"publisher\":{\"@id\":\"http:\\\/\\\/deshidratadosdlara.com\\\/en\\\/#organization\"},\"potentialAction\":[{\"@type\":\"SearchAction\",\"target\":{\"@type\":\"EntryPoint\",\"urlTemplate\":\"http:\\\/\\\/deshidratadosdlara.com\\\/en\\\/?s={search_term_string}\"},\"query-input\":{\"@type\":\"PropertyValueSpecification\",\"valueRequired\":true,\"valueName\":\"search_term_string\"}}],\"inLanguage\":\"en-US\"},{\"@type\":\"Organization\",\"@id\":\"http:\\\/\\\/deshidratadosdlara.com\\\/en\\\/#organization\",\"name\":\"Deshidratados\",\"url\":\"http:\\\/\\\/deshidratadosdlara.com\\\/en\\\/\",\"logo\":{\"@type\":\"ImageObject\",\"inLanguage\":\"en-US\",\"@id\":\"http:\\\/\\\/deshidratadosdlara.com\\\/en\\\/#\\\/schema\\\/logo\\\/image\\\/\",\"url\":\"https:\\\/\\\/deshidratadosdlara.com\\\/wp-content\\\/uploads\\\/2020\\\/09\\\/Logo-Gumbia-1-e1601385953122.png\",\"contentUrl\":\"https:\\\/\\\/deshidratadosdlara.com\\\/wp-content\\\/uploads\\\/2020\\\/09\\\/Logo-Gumbia-1-e1601385953122.png\",\"width\":180,\"height\":97,\"caption\":\"Deshidratados\"},\"image\":{\"@id\":\"http:\\\/\\\/deshidratadosdlara.com\\\/en\\\/#\\\/schema\\\/logo\\\/image\\\/\"}}]}<\/script>\n<!-- \/ Yoast SEO plugin. -->","yoast_head_json":{"title":"AROMATICA Mix Frutas VERDES  ( 25 bolsitas de 10 gr) - Deshidratados","robots":{"index":"index","follow":"follow","max-snippet":"max-snippet:-1","max-image-preview":"max-image-preview:large","max-video-preview":"max-video-preview:-1"},"canonical":"https:\/\/deshidratadosdlara.com\/en\/product\/copia-aromatica-mix-frutas-verdes-limonaria-100-bolsitas-de-10-gr-copia\/","og_locale":"en_US","og_type":"article","og_title":"AROMATICA Mix Frutas VERDES  ( 25 bolsitas de 10 gr) - Deshidratados","og_description":"Mix Frutas VERDES Ingredientes: Kiwi, guayaba, uchuva, pi\u00f1a, limonaria.  &nbsp;  &nbsp;","og_url":"https:\/\/deshidratadosdlara.com\/en\/product\/copia-aromatica-mix-frutas-verdes-limonaria-100-bolsitas-de-10-gr-copia\/","og_site_name":"Deshidratados","article_modified_time":"2026-01-22T20:34:24+00:00","og_image":[{"width":791,"height":1006,"url":"https:\/\/deshidratadosdlara.com\/wp-content\/uploads\/2022\/09\/Mix-frutos-verdes-x-25.jpg","type":"image\/jpeg"}],"twitter_card":"summary_large_image","twitter_misc":{"Est. reading time":"1 minute"},"schema":{"@context":"https:\/\/schema.org","@graph":[{"@type":"WebPage","@id":"https:\/\/deshidratadosdlara.com\/product\/copia-aromatica-mix-frutas-verdes-limonaria-100-bolsitas-de-10-gr-copia\/","url":"https:\/\/deshidratadosdlara.com\/product\/copia-aromatica-mix-frutas-verdes-limonaria-100-bolsitas-de-10-gr-copia\/","name":"AROMATICA Mix Frutas VERDES ( 25 bolsitas de 10 gr) - Deshidratados","isPartOf":{"@id":"http:\/\/deshidratadosdlara.com\/en\/#website"},"primaryImageOfPage":{"@id":"https:\/\/deshidratadosdlara.com\/product\/copia-aromatica-mix-frutas-verdes-limonaria-100-bolsitas-de-10-gr-copia\/#primaryimage"},"image":{"@id":"https:\/\/deshidratadosdlara.com\/product\/copia-aromatica-mix-frutas-verdes-limonaria-100-bolsitas-de-10-gr-copia\/#primaryimage"},"thumbnailUrl":"https:\/\/deshidratadosdlara.com\/wp-content\/uploads\/2022\/09\/Mix-frutos-verdes-x-25.jpg","datePublished":"2022-09-13T17:06:10+00:00","dateModified":"2026-01-22T20:34:24+00:00","breadcrumb":{"@id":"https:\/\/deshidratadosdlara.com\/product\/copia-aromatica-mix-frutas-verdes-limonaria-100-bolsitas-de-10-gr-copia\/#breadcrumb"},"inLanguage":"en-US","potentialAction":[{"@type":"ReadAction","target":["https:\/\/deshidratadosdlara.com\/product\/copia-aromatica-mix-frutas-verdes-limonaria-100-bolsitas-de-10-gr-copia\/"]}]},{"@type":"ImageObject","inLanguage":"en-US","@id":"https:\/\/deshidratadosdlara.com\/product\/copia-aromatica-mix-frutas-verdes-limonaria-100-bolsitas-de-10-gr-copia\/#primaryimage","url":"https:\/\/deshidratadosdlara.com\/wp-content\/uploads\/2022\/09\/Mix-frutos-verdes-x-25.jpg","contentUrl":"https:\/\/deshidratadosdlara.com\/wp-content\/uploads\/2022\/09\/Mix-frutos-verdes-x-25.jpg","width":791,"height":1006},{"@type":"BreadcrumbList","@id":"https:\/\/deshidratadosdlara.com\/product\/copia-aromatica-mix-frutas-verdes-limonaria-100-bolsitas-de-10-gr-copia\/#breadcrumb","itemListElement":[{"@type":"ListItem","position":1,"name":"Home","item":"https:\/\/deshidratadosdlara.com\/"},{"@type":"ListItem","position":2,"name":"TIENDA","item":"http:\/\/deshidratadosdlara.com\/en\/tienda\/"},{"@type":"ListItem","position":3,"name":"AROMATICA Mix Frutas VERDES ( 25 bolsitas de 10 gr)"}]},{"@type":"WebSite","@id":"http:\/\/deshidratadosdlara.com\/en\/#website","url":"http:\/\/deshidratadosdlara.com\/en\/","name":"Deshidratados","description":"","publisher":{"@id":"http:\/\/deshidratadosdlara.com\/en\/#organization"},"potentialAction":[{"@type":"SearchAction","target":{"@type":"EntryPoint","urlTemplate":"http:\/\/deshidratadosdlara.com\/en\/?s={search_term_string}"},"query-input":{"@type":"PropertyValueSpecification","valueRequired":true,"valueName":"search_term_string"}}],"inLanguage":"en-US"},{"@type":"Organization","@id":"http:\/\/deshidratadosdlara.com\/en\/#organization","name":"Deshidratados","url":"http:\/\/deshidratadosdlara.com\/en\/","logo":{"@type":"ImageObject","inLanguage":"en-US","@id":"http:\/\/deshidratadosdlara.com\/en\/#\/schema\/logo\/image\/","url":"https:\/\/deshidratadosdlara.com\/wp-content\/uploads\/2020\/09\/Logo-Gumbia-1-e1601385953122.png","contentUrl":"https:\/\/deshidratadosdlara.com\/wp-content\/uploads\/2020\/09\/Logo-Gumbia-1-e1601385953122.png","width":180,"height":97,"caption":"Deshidratados"},"image":{"@id":"http:\/\/deshidratadosdlara.com\/en\/#\/schema\/logo\/image\/"}}]}},"_links":{"self":[{"href":"https:\/\/deshidratadosdlara.com\/en\/wp-json\/wp\/v2\/product\/2866","targetHints":{"allow":["GET"]}}],"collection":[{"href":"https:\/\/deshidratadosdlara.com\/en\/wp-json\/wp\/v2\/product"}],"about":[{"href":"https:\/\/deshidratadosdlara.com\/en\/wp-json\/wp\/v2\/types\/product"}],"version-history":[{"count":15,"href":"https:\/\/deshidratadosdlara.com\/en\/wp-json\/wp\/v2\/product\/2866\/revisions"}],"predecessor-version":[{"id":2959,"href":"https:\/\/deshidratadosdlara.com\/en\/wp-json\/wp\/v2\/product\/2866\/revisions\/2959"}],"wp:featuredmedia":[{"embeddable":true,"href":"https:\/\/deshidratadosdlara.com\/en\/wp-json\/wp\/v2\/media\/2958"}],"wp:attachment":[{"href":"https:\/\/deshidratadosdlara.com\/en\/wp-json\/wp\/v2\/media?parent=2866"}],"wp:term":[{"taxonomy":"product_brand","embeddable":true,"href":"https:\/\/deshidratadosdlara.com\/en\/wp-json\/wp\/v2\/product_brand?post=2866"},{"taxonomy":"product_cat","embeddable":true,"href":"https:\/\/deshidratadosdlara.com\/en\/wp-json\/wp\/v2\/product_cat?post=2866"},{"taxonomy":"product_tag","embeddable":true,"href":"https:\/\/deshidratadosdlara.com\/en\/wp-json\/wp\/v2\/product_tag?post=2866"}],"curies":[{"name":"wp","href":"https:\/\/api.w.org\/{rel}","templated":true}]}}