{"id":2367,"date":"2021-06-10T12:15:23","date_gmt":"2021-06-10T17:15:23","guid":{"rendered":"https:\/\/deshidratadosdlara.com\/?post_type=product&#038;p=2367"},"modified":"2026-01-22T15:49:20","modified_gmt":"2026-01-22T20:49:20","slug":"12-unds-gumbia-snacks-50g","status":"publish","type":"product","link":"https:\/\/deshidratadosdlara.com\/en\/product\/12-unds-gumbia-snacks-50g\/","title":{"rendered":"Gumbia Snacks 50g 12 unidades variadas: 4 Mango, 4 Pi\u00f1as, 4 Mango Biche"},"content":{"rendered":"<div data-elementor-type=\"wp-post\" data-elementor-id=\"2367\" class=\"elementor elementor-2367\">\n\t\t\t\t\t\t<section class=\"elementor-section elementor-top-section elementor-element elementor-element-7a6b87 elementor-section-boxed elementor-section-height-default elementor-section-height-default\" data-id=\"7a6b87\" data-element_type=\"section\" data-e-type=\"section\">\n\t\t\t\t\t\t<div class=\"elementor-container elementor-column-gap-default\">\n\t\t\t\t\t<div class=\"elementor-column elementor-col-100 elementor-top-column elementor-element elementor-element-56ad540\" data-id=\"56ad540\" data-element_type=\"column\" data-e-type=\"column\">\n\t\t\t<div class=\"elementor-widget-wrap elementor-element-populated\">\n\t\t\t\t\t\t<div class=\"elementor-element elementor-element-3aeff028 elementor-widget elementor-widget-text-editor\" data-id=\"3aeff028\" data-element_type=\"widget\" data-e-type=\"widget\" data-widget_type=\"text-editor.default\">\n\t\t\t\t<div class=\"elementor-widget-container\">\n\t\t\t\t\t\t\t\t\t<p>12 UNIDADES DE GUMBIA FRUTA DESHIDRATADA DE 50<\/p>\n<p><span style=\"font-size: 15px; background-color: rgba(255, 255, 255, 0);\">&nbsp;GUMBIA snack saludable para toda la familia de fruta 100% natural, sin adici\u00f3n de az\u00facar, ni qu\u00edmicos ni conservantes, F\u00e1cil de llevar a todas partes.<\/span><\/p>\n<p>Incluye 12 unidades : 4 de mango, 4 de pi\u00f1a, 4 de mango biche de 50 g<\/p>\n<p>Entre sus beneficios podemos destacar:<\/p>\n<p>* Mantiene el delicioso sabor de la fruta y su valor nutritivo,<br>*100% Natural<br>* Buena fuente de fibra natural<br>* Ayuda a mejorar la digesti\u00f3n<br>* Contiene antioxidantes y vitaminas<br>* F\u00e1cil de llevar y larga duraci\u00f3n<br>* Optimo contenido energ\u00e9tico de f\u00e1cil disponibilidad<br>* Tiene propiedades reguladoras de las funciones org\u00e1nicas<br>* Delicioso e innovador<br>* Practico para adicionar como infusi\u00f3n<br>*Para adicionar y enriquecer sus recetas favorita<\/p>\t\t\t\t\t\t\t\t<\/div>\n\t\t\t\t<\/div>\n\t\t\t\t\t<\/div>\n\t\t<\/div>\n\t\t\t\t\t<\/div>\n\t\t<\/section>\n\t\t\t\t<\/div>\n\t\t<div id=\"deshi-3012314670\" class=\"deshi-despues-del-contenido deshi-entity-placement\"><a href=\"https:\/\/digiartia.com\" aria-label=\"PortadaFacebook-1-1-1-1-1-1-1-1-1-1-1-1-1-1-1-1-1-1-1-1-1-1-1-1-1-1-1-1-1-1-1-1-1-1-1-1-1-1-1-1-1-1-1-1-1-1-1-1-1-1-1-1-1-1-1-1-1-1-1-1-1-1-1-1-1.jpg\"><img src=\"https:\/\/deshidratadosdlara.com\/wp-content\/uploads\/2020\/10\/PortadaFacebook-1-1-1-1-1-1-1-1-1-1-1-1-1-1-1-1-1-1-1-1-1-1-1-1-1-1-1-1-1-1-1-1-1-1-1-1-1-1-1-1-1-1-1-1-1-1-1-1-1-1-1-1-1-1-1-1-1-1-1-1-1-1-1-1-1-1.jpg\" alt=\"\"  srcset=\"https:\/\/deshidratadosdlara.com\/wp-content\/uploads\/2020\/10\/PortadaFacebook-1-1-1-1-1-1-1-1-1-1-1-1-1-1-1-1-1-1-1-1-1-1-1-1-1-1-1-1-1-1-1-1-1-1-1-1-1-1-1-1-1-1-1-1-1-1-1-1-1-1-1-1-1-1-1-1-1-1-1-1-1-1-1-1-1-1.jpg 820w, https:\/\/deshidratadosdlara.com\/wp-content\/uploads\/2020\/10\/PortadaFacebook-1-1-1-1-1-1-1-1-1-1-1-1-1-1-1-1-1-1-1-1-1-1-1-1-1-1-1-1-1-1-1-1-1-1-1-1-1-1-1-1-1-1-1-1-1-1-1-1-1-1-1-1-1-1-1-1-1-1-1-1-1-1-1-1-1-1-300x114.jpg 300w, https:\/\/deshidratadosdlara.com\/wp-content\/uploads\/2020\/10\/PortadaFacebook-1-1-1-1-1-1-1-1-1-1-1-1-1-1-1-1-1-1-1-1-1-1-1-1-1-1-1-1-1-1-1-1-1-1-1-1-1-1-1-1-1-1-1-1-1-1-1-1-1-1-1-1-1-1-1-1-1-1-1-1-1-1-1-1-1-1-768x292.jpg 768w, https:\/\/deshidratadosdlara.com\/wp-content\/uploads\/2020\/10\/PortadaFacebook-1-1-1-1-1-1-1-1-1-1-1-1-1-1-1-1-1-1-1-1-1-1-1-1-1-1-1-1-1-1-1-1-1-1-1-1-1-1-1-1-1-1-1-1-1-1-1-1-1-1-1-1-1-1-1-1-1-1-1-1-1-1-1-1-1-1-600x228.jpg 600w\" sizes=\"(max-width: 820px) 100vw, 820px\" width=\"300\" height=\"150\"  style=\"display: inline-block;\" \/><\/a><\/div>","protected":false},"excerpt":{"rendered":"<p>12 UNIDADES DE GUMBIA FRUTA DESHIDRATADA DE 50 GUMBIA snack saludable para toda la familia de fruta 100% natural, sin adici\u00f3n de az\u00facar, ni qu\u00edmicos ni conservantes, F\u00e1cil de llevar a todas partes. Incluye 12 unidades : 4 de mango, 4 de pi\u00f1a, 4 de mango biche de 50 g Entre sus beneficios podemos destacar: [&hellip;]<\/p>\n","protected":false},"featured_media":2988,"template":"","meta":{"site-sidebar-layout":"default","site-content-layout":"default","ast-site-content-layout":"default","site-content-style":"default","site-sidebar-style":"default","ast-global-header-display":"","ast-banner-title-visibility":"","ast-main-header-display":"","ast-hfb-above-header-display":"","ast-hfb-below-header-display":"","ast-hfb-mobile-header-display":"","site-post-title":"","ast-breadcrumbs-content":"","ast-featured-img":"","footer-sml-layout":"","ast-disable-related-posts":"","theme-transparent-header-meta":"default","adv-header-id-meta":"","stick-header-meta":"","header-above-stick-meta":"","header-main-stick-meta":"","header-below-stick-meta":"","astra-migrate-meta-layouts":"set","ast-page-background-enabled":"default","ast-page-background-meta":{"desktop":{"background-color":"","background-image":"","background-repeat":"repeat","background-position":"center center","background-size":"auto","background-attachment":"scroll","background-type":"","background-media":"","overlay-type":"","overlay-color":"","overlay-opacity":"","overlay-gradient":""},"tablet":{"background-color":"","background-image":"","background-repeat":"repeat","background-position":"center center","background-size":"auto","background-attachment":"scroll","background-type":"","background-media":"","overlay-type":"","overlay-color":"","overlay-opacity":"","overlay-gradient":""},"mobile":{"background-color":"","background-image":"","background-repeat":"repeat","background-position":"center center","background-size":"auto","background-attachment":"scroll","background-type":"","background-media":"","overlay-type":"","overlay-color":"","overlay-opacity":"","overlay-gradient":""}},"ast-content-background-meta":{"desktop":{"background-color":"var(--ast-global-color-5)","background-image":"","background-repeat":"repeat","background-position":"center center","background-size":"auto","background-attachment":"scroll","background-type":"","background-media":"","overlay-type":"","overlay-color":"","overlay-opacity":"","overlay-gradient":""},"tablet":{"background-color":"var(--ast-global-color-5)","background-image":"","background-repeat":"repeat","background-position":"center center","background-size":"auto","background-attachment":"scroll","background-type":"","background-media":"","overlay-type":"","overlay-color":"","overlay-opacity":"","overlay-gradient":""},"mobile":{"background-color":"var(--ast-global-color-5)","background-image":"","background-repeat":"repeat","background-position":"center center","background-size":"auto","background-attachment":"scroll","background-type":"","background-media":"","overlay-type":"","overlay-color":"","overlay-opacity":"","overlay-gradient":""}},"_joinchat":[]},"product_brand":[],"product_cat":[19],"product_tag":[],"class_list":{"0":"post-2367","1":"product","2":"type-product","3":"status-publish","4":"has-post-thumbnail","6":"product_cat-productos","7":"desktop-align-left","8":"tablet-align-left","9":"mobile-align-left","11":"first","12":"instock","13":"taxable","14":"shipping-taxable","15":"purchasable","16":"product-type-simple"},"yoast_head":"<!-- This site is optimized with the Yoast SEO plugin v27.4 - https:\/\/yoast.com\/product\/yoast-seo-wordpress\/ -->\n<title>Gumbia Snacks 50g 12 unidades variadas: 4 Mango, 4 Pi\u00f1as, 4 Mango Biche - Deshidratados<\/title>\n<meta name=\"robots\" content=\"index, follow, max-snippet:-1, max-image-preview:large, max-video-preview:-1\" \/>\n<link rel=\"canonical\" href=\"https:\/\/deshidratadosdlara.com\/en\/product\/12-unds-gumbia-snacks-50g\/\" \/>\n<meta property=\"og:locale\" content=\"en_US\" \/>\n<meta property=\"og:type\" content=\"article\" \/>\n<meta property=\"og:title\" content=\"Gumbia Snacks 50g 12 unidades variadas: 4 Mango, 4 Pi\u00f1as, 4 Mango Biche - Deshidratados\" \/>\n<meta property=\"og:description\" content=\"12 UNIDADES DE GUMBIA FRUTA DESHIDRATADA DE 50 GUMBIA snack saludable para toda la familia de fruta 100% natural, sin adici\u00f3n de az\u00facar, ni qu\u00edmicos ni conservantes, F\u00e1cil de llevar a todas partes. Incluye 12 unidades : 4 de mango, 4 de pi\u00f1a, 4 de mango biche de 50 g Entre sus beneficios podemos destacar: [&hellip;]\" \/>\n<meta property=\"og:url\" content=\"https:\/\/deshidratadosdlara.com\/en\/product\/12-unds-gumbia-snacks-50g\/\" \/>\n<meta property=\"og:site_name\" content=\"Deshidratados\" \/>\n<meta property=\"article:modified_time\" content=\"2026-01-22T20:49:20+00:00\" \/>\n<meta property=\"og:image\" content=\"https:\/\/deshidratadosdlara.com\/wp-content\/uploads\/2021\/06\/MANGO-INA-BICHE-50-G-2.jpg\" \/>\n\t<meta property=\"og:image:width\" content=\"483\" \/>\n\t<meta property=\"og:image:height\" content=\"323\" \/>\n\t<meta property=\"og:image:type\" content=\"image\/jpeg\" \/>\n<meta name=\"twitter:card\" content=\"summary_large_image\" \/>\n<meta name=\"twitter:label1\" content=\"Est. reading time\" \/>\n\t<meta name=\"twitter:data1\" content=\"1 minute\" \/>\n<script type=\"application\/ld+json\" class=\"yoast-schema-graph\">{\"@context\":\"https:\\\/\\\/schema.org\",\"@graph\":[{\"@type\":\"WebPage\",\"@id\":\"https:\\\/\\\/deshidratadosdlara.com\\\/product\\\/12-unds-gumbia-snacks-50g\\\/\",\"url\":\"https:\\\/\\\/deshidratadosdlara.com\\\/product\\\/12-unds-gumbia-snacks-50g\\\/\",\"name\":\"Gumbia Snacks 50g 12 unidades variadas: 4 Mango, 4 Pi\u00f1as, 4 Mango Biche - Deshidratados\",\"isPartOf\":{\"@id\":\"http:\\\/\\\/deshidratadosdlara.com\\\/en\\\/#website\"},\"primaryImageOfPage\":{\"@id\":\"https:\\\/\\\/deshidratadosdlara.com\\\/product\\\/12-unds-gumbia-snacks-50g\\\/#primaryimage\"},\"image\":{\"@id\":\"https:\\\/\\\/deshidratadosdlara.com\\\/product\\\/12-unds-gumbia-snacks-50g\\\/#primaryimage\"},\"thumbnailUrl\":\"https:\\\/\\\/deshidratadosdlara.com\\\/wp-content\\\/uploads\\\/2021\\\/06\\\/MANGO-INA-BICHE-50-G-2.jpg\",\"datePublished\":\"2021-06-10T17:15:23+00:00\",\"dateModified\":\"2026-01-22T20:49:20+00:00\",\"breadcrumb\":{\"@id\":\"https:\\\/\\\/deshidratadosdlara.com\\\/product\\\/12-unds-gumbia-snacks-50g\\\/#breadcrumb\"},\"inLanguage\":\"en-US\",\"potentialAction\":[{\"@type\":\"ReadAction\",\"target\":[\"https:\\\/\\\/deshidratadosdlara.com\\\/product\\\/12-unds-gumbia-snacks-50g\\\/\"]}]},{\"@type\":\"ImageObject\",\"inLanguage\":\"en-US\",\"@id\":\"https:\\\/\\\/deshidratadosdlara.com\\\/product\\\/12-unds-gumbia-snacks-50g\\\/#primaryimage\",\"url\":\"https:\\\/\\\/deshidratadosdlara.com\\\/wp-content\\\/uploads\\\/2021\\\/06\\\/MANGO-INA-BICHE-50-G-2.jpg\",\"contentUrl\":\"https:\\\/\\\/deshidratadosdlara.com\\\/wp-content\\\/uploads\\\/2021\\\/06\\\/MANGO-INA-BICHE-50-G-2.jpg\",\"width\":483,\"height\":323},{\"@type\":\"BreadcrumbList\",\"@id\":\"https:\\\/\\\/deshidratadosdlara.com\\\/product\\\/12-unds-gumbia-snacks-50g\\\/#breadcrumb\",\"itemListElement\":[{\"@type\":\"ListItem\",\"position\":1,\"name\":\"Home\",\"item\":\"https:\\\/\\\/deshidratadosdlara.com\\\/\"},{\"@type\":\"ListItem\",\"position\":2,\"name\":\"TIENDA\",\"item\":\"http:\\\/\\\/deshidratadosdlara.com\\\/en\\\/tienda\\\/\"},{\"@type\":\"ListItem\",\"position\":3,\"name\":\"Gumbia Snacks 50g 12 unidades variadas: 4 Mango, 4 Pi\u00f1as, 4 Mango Biche\"}]},{\"@type\":\"WebSite\",\"@id\":\"http:\\\/\\\/deshidratadosdlara.com\\\/en\\\/#website\",\"url\":\"http:\\\/\\\/deshidratadosdlara.com\\\/en\\\/\",\"name\":\"Deshidratados\",\"description\":\"\",\"publisher\":{\"@id\":\"http:\\\/\\\/deshidratadosdlara.com\\\/en\\\/#organization\"},\"potentialAction\":[{\"@type\":\"SearchAction\",\"target\":{\"@type\":\"EntryPoint\",\"urlTemplate\":\"http:\\\/\\\/deshidratadosdlara.com\\\/en\\\/?s={search_term_string}\"},\"query-input\":{\"@type\":\"PropertyValueSpecification\",\"valueRequired\":true,\"valueName\":\"search_term_string\"}}],\"inLanguage\":\"en-US\"},{\"@type\":\"Organization\",\"@id\":\"http:\\\/\\\/deshidratadosdlara.com\\\/en\\\/#organization\",\"name\":\"Deshidratados\",\"url\":\"http:\\\/\\\/deshidratadosdlara.com\\\/en\\\/\",\"logo\":{\"@type\":\"ImageObject\",\"inLanguage\":\"en-US\",\"@id\":\"http:\\\/\\\/deshidratadosdlara.com\\\/en\\\/#\\\/schema\\\/logo\\\/image\\\/\",\"url\":\"https:\\\/\\\/deshidratadosdlara.com\\\/wp-content\\\/uploads\\\/2020\\\/09\\\/Logo-Gumbia-1-e1601385953122.png\",\"contentUrl\":\"https:\\\/\\\/deshidratadosdlara.com\\\/wp-content\\\/uploads\\\/2020\\\/09\\\/Logo-Gumbia-1-e1601385953122.png\",\"width\":180,\"height\":97,\"caption\":\"Deshidratados\"},\"image\":{\"@id\":\"http:\\\/\\\/deshidratadosdlara.com\\\/en\\\/#\\\/schema\\\/logo\\\/image\\\/\"}}]}<\/script>\n<!-- \/ Yoast SEO plugin. -->","yoast_head_json":{"title":"Gumbia Snacks 50g 12 unidades variadas: 4 Mango, 4 Pi\u00f1as, 4 Mango Biche - Deshidratados","robots":{"index":"index","follow":"follow","max-snippet":"max-snippet:-1","max-image-preview":"max-image-preview:large","max-video-preview":"max-video-preview:-1"},"canonical":"https:\/\/deshidratadosdlara.com\/en\/product\/12-unds-gumbia-snacks-50g\/","og_locale":"en_US","og_type":"article","og_title":"Gumbia Snacks 50g 12 unidades variadas: 4 Mango, 4 Pi\u00f1as, 4 Mango Biche - Deshidratados","og_description":"12 UNIDADES DE GUMBIA FRUTA DESHIDRATADA DE 50 GUMBIA snack saludable para toda la familia de fruta 100% natural, sin adici\u00f3n de az\u00facar, ni qu\u00edmicos ni conservantes, F\u00e1cil de llevar a todas partes. Incluye 12 unidades : 4 de mango, 4 de pi\u00f1a, 4 de mango biche de 50 g Entre sus beneficios podemos destacar: [&hellip;]","og_url":"https:\/\/deshidratadosdlara.com\/en\/product\/12-unds-gumbia-snacks-50g\/","og_site_name":"Deshidratados","article_modified_time":"2026-01-22T20:49:20+00:00","og_image":[{"width":483,"height":323,"url":"https:\/\/deshidratadosdlara.com\/wp-content\/uploads\/2021\/06\/MANGO-INA-BICHE-50-G-2.jpg","type":"image\/jpeg"}],"twitter_card":"summary_large_image","twitter_misc":{"Est. reading time":"1 minute"},"schema":{"@context":"https:\/\/schema.org","@graph":[{"@type":"WebPage","@id":"https:\/\/deshidratadosdlara.com\/product\/12-unds-gumbia-snacks-50g\/","url":"https:\/\/deshidratadosdlara.com\/product\/12-unds-gumbia-snacks-50g\/","name":"Gumbia Snacks 50g 12 unidades variadas: 4 Mango, 4 Pi\u00f1as, 4 Mango Biche - Deshidratados","isPartOf":{"@id":"http:\/\/deshidratadosdlara.com\/en\/#website"},"primaryImageOfPage":{"@id":"https:\/\/deshidratadosdlara.com\/product\/12-unds-gumbia-snacks-50g\/#primaryimage"},"image":{"@id":"https:\/\/deshidratadosdlara.com\/product\/12-unds-gumbia-snacks-50g\/#primaryimage"},"thumbnailUrl":"https:\/\/deshidratadosdlara.com\/wp-content\/uploads\/2021\/06\/MANGO-INA-BICHE-50-G-2.jpg","datePublished":"2021-06-10T17:15:23+00:00","dateModified":"2026-01-22T20:49:20+00:00","breadcrumb":{"@id":"https:\/\/deshidratadosdlara.com\/product\/12-unds-gumbia-snacks-50g\/#breadcrumb"},"inLanguage":"en-US","potentialAction":[{"@type":"ReadAction","target":["https:\/\/deshidratadosdlara.com\/product\/12-unds-gumbia-snacks-50g\/"]}]},{"@type":"ImageObject","inLanguage":"en-US","@id":"https:\/\/deshidratadosdlara.com\/product\/12-unds-gumbia-snacks-50g\/#primaryimage","url":"https:\/\/deshidratadosdlara.com\/wp-content\/uploads\/2021\/06\/MANGO-INA-BICHE-50-G-2.jpg","contentUrl":"https:\/\/deshidratadosdlara.com\/wp-content\/uploads\/2021\/06\/MANGO-INA-BICHE-50-G-2.jpg","width":483,"height":323},{"@type":"BreadcrumbList","@id":"https:\/\/deshidratadosdlara.com\/product\/12-unds-gumbia-snacks-50g\/#breadcrumb","itemListElement":[{"@type":"ListItem","position":1,"name":"Home","item":"https:\/\/deshidratadosdlara.com\/"},{"@type":"ListItem","position":2,"name":"TIENDA","item":"http:\/\/deshidratadosdlara.com\/en\/tienda\/"},{"@type":"ListItem","position":3,"name":"Gumbia Snacks 50g 12 unidades variadas: 4 Mango, 4 Pi\u00f1as, 4 Mango Biche"}]},{"@type":"WebSite","@id":"http:\/\/deshidratadosdlara.com\/en\/#website","url":"http:\/\/deshidratadosdlara.com\/en\/","name":"Deshidratados","description":"","publisher":{"@id":"http:\/\/deshidratadosdlara.com\/en\/#organization"},"potentialAction":[{"@type":"SearchAction","target":{"@type":"EntryPoint","urlTemplate":"http:\/\/deshidratadosdlara.com\/en\/?s={search_term_string}"},"query-input":{"@type":"PropertyValueSpecification","valueRequired":true,"valueName":"search_term_string"}}],"inLanguage":"en-US"},{"@type":"Organization","@id":"http:\/\/deshidratadosdlara.com\/en\/#organization","name":"Deshidratados","url":"http:\/\/deshidratadosdlara.com\/en\/","logo":{"@type":"ImageObject","inLanguage":"en-US","@id":"http:\/\/deshidratadosdlara.com\/en\/#\/schema\/logo\/image\/","url":"https:\/\/deshidratadosdlara.com\/wp-content\/uploads\/2020\/09\/Logo-Gumbia-1-e1601385953122.png","contentUrl":"https:\/\/deshidratadosdlara.com\/wp-content\/uploads\/2020\/09\/Logo-Gumbia-1-e1601385953122.png","width":180,"height":97,"caption":"Deshidratados"},"image":{"@id":"http:\/\/deshidratadosdlara.com\/en\/#\/schema\/logo\/image\/"}}]}},"_links":{"self":[{"href":"https:\/\/deshidratadosdlara.com\/en\/wp-json\/wp\/v2\/product\/2367","targetHints":{"allow":["GET"]}}],"collection":[{"href":"https:\/\/deshidratadosdlara.com\/en\/wp-json\/wp\/v2\/product"}],"about":[{"href":"https:\/\/deshidratadosdlara.com\/en\/wp-json\/wp\/v2\/types\/product"}],"version-history":[{"count":12,"href":"https:\/\/deshidratadosdlara.com\/en\/wp-json\/wp\/v2\/product\/2367\/revisions"}],"predecessor-version":[{"id":3147,"href":"https:\/\/deshidratadosdlara.com\/en\/wp-json\/wp\/v2\/product\/2367\/revisions\/3147"}],"wp:featuredmedia":[{"embeddable":true,"href":"https:\/\/deshidratadosdlara.com\/en\/wp-json\/wp\/v2\/media\/2988"}],"wp:attachment":[{"href":"https:\/\/deshidratadosdlara.com\/en\/wp-json\/wp\/v2\/media?parent=2367"}],"wp:term":[{"taxonomy":"product_brand","embeddable":true,"href":"https:\/\/deshidratadosdlara.com\/en\/wp-json\/wp\/v2\/product_brand?post=2367"},{"taxonomy":"product_cat","embeddable":true,"href":"https:\/\/deshidratadosdlara.com\/en\/wp-json\/wp\/v2\/product_cat?post=2367"},{"taxonomy":"product_tag","embeddable":true,"href":"https:\/\/deshidratadosdlara.com\/en\/wp-json\/wp\/v2\/product_tag?post=2367"}],"curies":[{"name":"wp","href":"https:\/\/api.w.org\/{rel}","templated":true}]}}