{"id":2362,"date":"2021-06-10T12:08:39","date_gmt":"2021-06-10T17:08:39","guid":{"rendered":"https:\/\/deshidratadosdlara.com\/?post_type=product&#038;p=2362"},"modified":"2026-01-22T15:54:48","modified_gmt":"2026-01-22T20:54:48","slug":"12-unidades-28g","status":"publish","type":"product","link":"https:\/\/deshidratadosdlara.com\/en\/product\/12-unidades-28g\/","title":{"rendered":"GUMBIA SNACK FRUTA DESHIDRATADA x 12 unidades:   4 MANGO 28 gr + 4 PI\u00d1AS 28gr  + 4 MANGO BICHE 28 gr"},"content":{"rendered":"<p>GUMBIA\u00a0 SNACK DE FRUTA DESHIDRATADA DE 28g<\/p>\n<p>Obsequia GUMBIA snack saludable para toda la familia de fruta 100% natural, sin adici\u00f3n de az\u00facar, ni qu\u00edmicos ni conservantes, F\u00e1cil de llevar a todas partes.<\/p>\n<p>Puedes seleccionar las frutas de tu agrado o variadas entre Mango, Pi\u00f1a, Mango Biche.<\/p>\n<p>&nbsp;<\/p>\n<p>Entre sus beneficios podemos destacar:<\/p>\n<p>* Mantiene el delicioso sabor de la fruta y su valor nutritivo,<br \/>\n*100% Natural<br \/>\n* Buena fuente de fibra natural<br \/>\n* Ayuda a mejorar la digesti\u00f3n<br \/>\n* Contiene antioxidantes y vitaminas<br \/>\n* F\u00e1cil de llevar y larga duraci\u00f3n<br \/>\n* Optimo contenido energ\u00e9tico de f\u00e1cil disponibilidad<br \/>\n* Tiene propiedades reguladoras de las funciones org\u00e1nicas<br \/>\n* Delicioso e innovador<br \/>\n* Practico para adicionar como infusi\u00f3n<br \/>\n*Para adicionar y enriquecer sus recetas favoritas<\/p>\n<p>&nbsp;<\/p>\n<div id=\"deshi-3400076501\" class=\"deshi-despues-del-contenido deshi-entity-placement\"><a href=\"https:\/\/digiartia.com\" aria-label=\"PortadaFacebook-1-1-1-1-1-1-1-1-1-1-1-1-1-1-1-1-1-1-1-1-1-1-1-1-1-1-1-1-1-1-1-1-1-1-1-1-1-1-1-1-1-1-1-1-1-1-1-1-1-1-1-1-1-1-1-1-1-1-1-1-1-1-1-1-1.jpg\"><img src=\"https:\/\/deshidratadosdlara.com\/wp-content\/uploads\/2020\/10\/PortadaFacebook-1-1-1-1-1-1-1-1-1-1-1-1-1-1-1-1-1-1-1-1-1-1-1-1-1-1-1-1-1-1-1-1-1-1-1-1-1-1-1-1-1-1-1-1-1-1-1-1-1-1-1-1-1-1-1-1-1-1-1-1-1-1-1-1-1-1.jpg\" alt=\"\"  srcset=\"https:\/\/deshidratadosdlara.com\/wp-content\/uploads\/2020\/10\/PortadaFacebook-1-1-1-1-1-1-1-1-1-1-1-1-1-1-1-1-1-1-1-1-1-1-1-1-1-1-1-1-1-1-1-1-1-1-1-1-1-1-1-1-1-1-1-1-1-1-1-1-1-1-1-1-1-1-1-1-1-1-1-1-1-1-1-1-1-1.jpg 820w, https:\/\/deshidratadosdlara.com\/wp-content\/uploads\/2020\/10\/PortadaFacebook-1-1-1-1-1-1-1-1-1-1-1-1-1-1-1-1-1-1-1-1-1-1-1-1-1-1-1-1-1-1-1-1-1-1-1-1-1-1-1-1-1-1-1-1-1-1-1-1-1-1-1-1-1-1-1-1-1-1-1-1-1-1-1-1-1-1-300x114.jpg 300w, https:\/\/deshidratadosdlara.com\/wp-content\/uploads\/2020\/10\/PortadaFacebook-1-1-1-1-1-1-1-1-1-1-1-1-1-1-1-1-1-1-1-1-1-1-1-1-1-1-1-1-1-1-1-1-1-1-1-1-1-1-1-1-1-1-1-1-1-1-1-1-1-1-1-1-1-1-1-1-1-1-1-1-1-1-1-1-1-1-768x292.jpg 768w, https:\/\/deshidratadosdlara.com\/wp-content\/uploads\/2020\/10\/PortadaFacebook-1-1-1-1-1-1-1-1-1-1-1-1-1-1-1-1-1-1-1-1-1-1-1-1-1-1-1-1-1-1-1-1-1-1-1-1-1-1-1-1-1-1-1-1-1-1-1-1-1-1-1-1-1-1-1-1-1-1-1-1-1-1-1-1-1-1-600x228.jpg 600w\" sizes=\"(max-width: 820px) 100vw, 820px\" width=\"300\" height=\"150\"  style=\"display: inline-block;\" \/><\/a><\/div>","protected":false},"excerpt":{"rendered":"<p>GUMBIA\u00a0 SNACK DE FRUTA DESHIDRATADA DE 28g Obsequia GUMBIA snack saludable para toda la familia de fruta 100% natural, sin adici\u00f3n de az\u00facar, ni qu\u00edmicos ni conservantes, F\u00e1cil de llevar a todas partes. Puedes seleccionar las frutas de tu agrado o variadas entre Mango, Pi\u00f1a, Mango Biche. &nbsp; Entre sus beneficios podemos destacar: * Mantiene [&hellip;]<\/p>\n","protected":false},"featured_media":2741,"template":"","meta":{"site-sidebar-layout":"default","site-content-layout":"default","ast-site-content-layout":"default","site-content-style":"default","site-sidebar-style":"default","ast-global-header-display":"","ast-banner-title-visibility":"","ast-main-header-display":"","ast-hfb-above-header-display":"","ast-hfb-below-header-display":"","ast-hfb-mobile-header-display":"","site-post-title":"","ast-breadcrumbs-content":"","ast-featured-img":"","footer-sml-layout":"","ast-disable-related-posts":"","theme-transparent-header-meta":"default","adv-header-id-meta":"","stick-header-meta":"","header-above-stick-meta":"","header-main-stick-meta":"","header-below-stick-meta":"","astra-migrate-meta-layouts":"set","ast-page-background-enabled":"default","ast-page-background-meta":{"desktop":{"background-color":"","background-image":"","background-repeat":"repeat","background-position":"center center","background-size":"auto","background-attachment":"scroll","background-type":"","background-media":"","overlay-type":"","overlay-color":"","overlay-opacity":"","overlay-gradient":""},"tablet":{"background-color":"","background-image":"","background-repeat":"repeat","background-position":"center center","background-size":"auto","background-attachment":"scroll","background-type":"","background-media":"","overlay-type":"","overlay-color":"","overlay-opacity":"","overlay-gradient":""},"mobile":{"background-color":"","background-image":"","background-repeat":"repeat","background-position":"center center","background-size":"auto","background-attachment":"scroll","background-type":"","background-media":"","overlay-type":"","overlay-color":"","overlay-opacity":"","overlay-gradient":""}},"ast-content-background-meta":{"desktop":{"background-color":"var(--ast-global-color-5)","background-image":"","background-repeat":"repeat","background-position":"center center","background-size":"auto","background-attachment":"scroll","background-type":"","background-media":"","overlay-type":"","overlay-color":"","overlay-opacity":"","overlay-gradient":""},"tablet":{"background-color":"var(--ast-global-color-5)","background-image":"","background-repeat":"repeat","background-position":"center center","background-size":"auto","background-attachment":"scroll","background-type":"","background-media":"","overlay-type":"","overlay-color":"","overlay-opacity":"","overlay-gradient":""},"mobile":{"background-color":"var(--ast-global-color-5)","background-image":"","background-repeat":"repeat","background-position":"center center","background-size":"auto","background-attachment":"scroll","background-type":"","background-media":"","overlay-type":"","overlay-color":"","overlay-opacity":"","overlay-gradient":""}},"_joinchat":[]},"product_brand":[],"product_cat":[19],"product_tag":[],"class_list":{"0":"post-2362","1":"product","2":"type-product","3":"status-publish","4":"has-post-thumbnail","6":"product_cat-productos","7":"desktop-align-left","8":"tablet-align-left","9":"mobile-align-left","11":"first","12":"instock","13":"taxable","14":"shipping-taxable","15":"purchasable","16":"product-type-simple"},"yoast_head":"<!-- This site is optimized with the Yoast SEO plugin v27.4 - https:\/\/yoast.com\/product\/yoast-seo-wordpress\/ -->\n<title>GUMBIA SNACK FRUTA DESHIDRATADA x 12 unidades:  4 MANGO 28 gr + 4 PI\u00d1AS 28gr + 4 MANGO BICHE 28 gr - Deshidratados<\/title>\n<meta name=\"robots\" content=\"index, follow, max-snippet:-1, max-image-preview:large, max-video-preview:-1\" \/>\n<link rel=\"canonical\" href=\"https:\/\/deshidratadosdlara.com\/en\/product\/12-unidades-28g\/\" \/>\n<meta property=\"og:locale\" content=\"en_US\" \/>\n<meta property=\"og:type\" content=\"article\" \/>\n<meta property=\"og:title\" content=\"GUMBIA SNACK FRUTA DESHIDRATADA x 12 unidades:  4 MANGO 28 gr + 4 PI\u00d1AS 28gr + 4 MANGO BICHE 28 gr - Deshidratados\" \/>\n<meta property=\"og:description\" content=\"GUMBIA\u00a0 SNACK DE FRUTA DESHIDRATADA DE 28g Obsequia GUMBIA snack saludable para toda la familia de fruta 100% natural, sin adici\u00f3n de az\u00facar, ni qu\u00edmicos ni conservantes, F\u00e1cil de llevar a todas partes. Puedes seleccionar las frutas de tu agrado o variadas entre Mango, Pi\u00f1a, Mango Biche. &nbsp; Entre sus beneficios podemos destacar: * Mantiene [&hellip;]\" \/>\n<meta property=\"og:url\" content=\"https:\/\/deshidratadosdlara.com\/en\/product\/12-unidades-28g\/\" \/>\n<meta property=\"og:site_name\" content=\"Deshidratados\" \/>\n<meta property=\"article:modified_time\" content=\"2026-01-22T20:54:48+00:00\" \/>\n<meta property=\"og:image\" content=\"https:\/\/deshidratadosdlara.com\/wp-content\/uploads\/2021\/06\/12und-28g.png\" \/>\n\t<meta property=\"og:image:width\" content=\"800\" \/>\n\t<meta property=\"og:image:height\" content=\"800\" \/>\n\t<meta property=\"og:image:type\" content=\"image\/png\" \/>\n<meta name=\"twitter:card\" content=\"summary_large_image\" \/>\n<meta name=\"twitter:label1\" content=\"Est. reading time\" \/>\n\t<meta name=\"twitter:data1\" content=\"1 minute\" \/>\n<script type=\"application\/ld+json\" class=\"yoast-schema-graph\">{\"@context\":\"https:\\\/\\\/schema.org\",\"@graph\":[{\"@type\":\"WebPage\",\"@id\":\"https:\\\/\\\/deshidratadosdlara.com\\\/product\\\/12-unidades-28g\\\/\",\"url\":\"https:\\\/\\\/deshidratadosdlara.com\\\/product\\\/12-unidades-28g\\\/\",\"name\":\"GUMBIA SNACK FRUTA DESHIDRATADA x 12 unidades: 4 MANGO 28 gr + 4 PI\u00d1AS 28gr + 4 MANGO BICHE 28 gr - Deshidratados\",\"isPartOf\":{\"@id\":\"http:\\\/\\\/deshidratadosdlara.com\\\/en\\\/#website\"},\"primaryImageOfPage\":{\"@id\":\"https:\\\/\\\/deshidratadosdlara.com\\\/product\\\/12-unidades-28g\\\/#primaryimage\"},\"image\":{\"@id\":\"https:\\\/\\\/deshidratadosdlara.com\\\/product\\\/12-unidades-28g\\\/#primaryimage\"},\"thumbnailUrl\":\"https:\\\/\\\/deshidratadosdlara.com\\\/wp-content\\\/uploads\\\/2021\\\/06\\\/12und-28g.png\",\"datePublished\":\"2021-06-10T17:08:39+00:00\",\"dateModified\":\"2026-01-22T20:54:48+00:00\",\"breadcrumb\":{\"@id\":\"https:\\\/\\\/deshidratadosdlara.com\\\/product\\\/12-unidades-28g\\\/#breadcrumb\"},\"inLanguage\":\"en-US\",\"potentialAction\":[{\"@type\":\"ReadAction\",\"target\":[\"https:\\\/\\\/deshidratadosdlara.com\\\/product\\\/12-unidades-28g\\\/\"]}]},{\"@type\":\"ImageObject\",\"inLanguage\":\"en-US\",\"@id\":\"https:\\\/\\\/deshidratadosdlara.com\\\/product\\\/12-unidades-28g\\\/#primaryimage\",\"url\":\"https:\\\/\\\/deshidratadosdlara.com\\\/wp-content\\\/uploads\\\/2021\\\/06\\\/12und-28g.png\",\"contentUrl\":\"https:\\\/\\\/deshidratadosdlara.com\\\/wp-content\\\/uploads\\\/2021\\\/06\\\/12und-28g.png\",\"width\":800,\"height\":800},{\"@type\":\"BreadcrumbList\",\"@id\":\"https:\\\/\\\/deshidratadosdlara.com\\\/product\\\/12-unidades-28g\\\/#breadcrumb\",\"itemListElement\":[{\"@type\":\"ListItem\",\"position\":1,\"name\":\"Home\",\"item\":\"https:\\\/\\\/deshidratadosdlara.com\\\/\"},{\"@type\":\"ListItem\",\"position\":2,\"name\":\"TIENDA\",\"item\":\"http:\\\/\\\/deshidratadosdlara.com\\\/en\\\/tienda\\\/\"},{\"@type\":\"ListItem\",\"position\":3,\"name\":\"GUMBIA SNACK FRUTA DESHIDRATADA x 12 unidades: 4 MANGO 28 gr + 4 PI\u00d1AS 28gr + 4 MANGO BICHE 28 gr\"}]},{\"@type\":\"WebSite\",\"@id\":\"http:\\\/\\\/deshidratadosdlara.com\\\/en\\\/#website\",\"url\":\"http:\\\/\\\/deshidratadosdlara.com\\\/en\\\/\",\"name\":\"Deshidratados\",\"description\":\"\",\"publisher\":{\"@id\":\"http:\\\/\\\/deshidratadosdlara.com\\\/en\\\/#organization\"},\"potentialAction\":[{\"@type\":\"SearchAction\",\"target\":{\"@type\":\"EntryPoint\",\"urlTemplate\":\"http:\\\/\\\/deshidratadosdlara.com\\\/en\\\/?s={search_term_string}\"},\"query-input\":{\"@type\":\"PropertyValueSpecification\",\"valueRequired\":true,\"valueName\":\"search_term_string\"}}],\"inLanguage\":\"en-US\"},{\"@type\":\"Organization\",\"@id\":\"http:\\\/\\\/deshidratadosdlara.com\\\/en\\\/#organization\",\"name\":\"Deshidratados\",\"url\":\"http:\\\/\\\/deshidratadosdlara.com\\\/en\\\/\",\"logo\":{\"@type\":\"ImageObject\",\"inLanguage\":\"en-US\",\"@id\":\"http:\\\/\\\/deshidratadosdlara.com\\\/en\\\/#\\\/schema\\\/logo\\\/image\\\/\",\"url\":\"https:\\\/\\\/deshidratadosdlara.com\\\/wp-content\\\/uploads\\\/2020\\\/09\\\/Logo-Gumbia-1-e1601385953122.png\",\"contentUrl\":\"https:\\\/\\\/deshidratadosdlara.com\\\/wp-content\\\/uploads\\\/2020\\\/09\\\/Logo-Gumbia-1-e1601385953122.png\",\"width\":180,\"height\":97,\"caption\":\"Deshidratados\"},\"image\":{\"@id\":\"http:\\\/\\\/deshidratadosdlara.com\\\/en\\\/#\\\/schema\\\/logo\\\/image\\\/\"}}]}<\/script>\n<!-- \/ Yoast SEO plugin. -->","yoast_head_json":{"title":"GUMBIA SNACK FRUTA DESHIDRATADA x 12 unidades:  4 MANGO 28 gr + 4 PI\u00d1AS 28gr + 4 MANGO BICHE 28 gr - Deshidratados","robots":{"index":"index","follow":"follow","max-snippet":"max-snippet:-1","max-image-preview":"max-image-preview:large","max-video-preview":"max-video-preview:-1"},"canonical":"https:\/\/deshidratadosdlara.com\/en\/product\/12-unidades-28g\/","og_locale":"en_US","og_type":"article","og_title":"GUMBIA SNACK FRUTA DESHIDRATADA x 12 unidades:  4 MANGO 28 gr + 4 PI\u00d1AS 28gr + 4 MANGO BICHE 28 gr - Deshidratados","og_description":"GUMBIA\u00a0 SNACK DE FRUTA DESHIDRATADA DE 28g Obsequia GUMBIA snack saludable para toda la familia de fruta 100% natural, sin adici\u00f3n de az\u00facar, ni qu\u00edmicos ni conservantes, F\u00e1cil de llevar a todas partes. Puedes seleccionar las frutas de tu agrado o variadas entre Mango, Pi\u00f1a, Mango Biche. &nbsp; Entre sus beneficios podemos destacar: * Mantiene [&hellip;]","og_url":"https:\/\/deshidratadosdlara.com\/en\/product\/12-unidades-28g\/","og_site_name":"Deshidratados","article_modified_time":"2026-01-22T20:54:48+00:00","og_image":[{"width":800,"height":800,"url":"https:\/\/deshidratadosdlara.com\/wp-content\/uploads\/2021\/06\/12und-28g.png","type":"image\/png"}],"twitter_card":"summary_large_image","twitter_misc":{"Est. reading time":"1 minute"},"schema":{"@context":"https:\/\/schema.org","@graph":[{"@type":"WebPage","@id":"https:\/\/deshidratadosdlara.com\/product\/12-unidades-28g\/","url":"https:\/\/deshidratadosdlara.com\/product\/12-unidades-28g\/","name":"GUMBIA SNACK FRUTA DESHIDRATADA x 12 unidades: 4 MANGO 28 gr + 4 PI\u00d1AS 28gr + 4 MANGO BICHE 28 gr - Deshidratados","isPartOf":{"@id":"http:\/\/deshidratadosdlara.com\/en\/#website"},"primaryImageOfPage":{"@id":"https:\/\/deshidratadosdlara.com\/product\/12-unidades-28g\/#primaryimage"},"image":{"@id":"https:\/\/deshidratadosdlara.com\/product\/12-unidades-28g\/#primaryimage"},"thumbnailUrl":"https:\/\/deshidratadosdlara.com\/wp-content\/uploads\/2021\/06\/12und-28g.png","datePublished":"2021-06-10T17:08:39+00:00","dateModified":"2026-01-22T20:54:48+00:00","breadcrumb":{"@id":"https:\/\/deshidratadosdlara.com\/product\/12-unidades-28g\/#breadcrumb"},"inLanguage":"en-US","potentialAction":[{"@type":"ReadAction","target":["https:\/\/deshidratadosdlara.com\/product\/12-unidades-28g\/"]}]},{"@type":"ImageObject","inLanguage":"en-US","@id":"https:\/\/deshidratadosdlara.com\/product\/12-unidades-28g\/#primaryimage","url":"https:\/\/deshidratadosdlara.com\/wp-content\/uploads\/2021\/06\/12und-28g.png","contentUrl":"https:\/\/deshidratadosdlara.com\/wp-content\/uploads\/2021\/06\/12und-28g.png","width":800,"height":800},{"@type":"BreadcrumbList","@id":"https:\/\/deshidratadosdlara.com\/product\/12-unidades-28g\/#breadcrumb","itemListElement":[{"@type":"ListItem","position":1,"name":"Home","item":"https:\/\/deshidratadosdlara.com\/"},{"@type":"ListItem","position":2,"name":"TIENDA","item":"http:\/\/deshidratadosdlara.com\/en\/tienda\/"},{"@type":"ListItem","position":3,"name":"GUMBIA SNACK FRUTA DESHIDRATADA x 12 unidades: 4 MANGO 28 gr + 4 PI\u00d1AS 28gr + 4 MANGO BICHE 28 gr"}]},{"@type":"WebSite","@id":"http:\/\/deshidratadosdlara.com\/en\/#website","url":"http:\/\/deshidratadosdlara.com\/en\/","name":"Deshidratados","description":"","publisher":{"@id":"http:\/\/deshidratadosdlara.com\/en\/#organization"},"potentialAction":[{"@type":"SearchAction","target":{"@type":"EntryPoint","urlTemplate":"http:\/\/deshidratadosdlara.com\/en\/?s={search_term_string}"},"query-input":{"@type":"PropertyValueSpecification","valueRequired":true,"valueName":"search_term_string"}}],"inLanguage":"en-US"},{"@type":"Organization","@id":"http:\/\/deshidratadosdlara.com\/en\/#organization","name":"Deshidratados","url":"http:\/\/deshidratadosdlara.com\/en\/","logo":{"@type":"ImageObject","inLanguage":"en-US","@id":"http:\/\/deshidratadosdlara.com\/en\/#\/schema\/logo\/image\/","url":"https:\/\/deshidratadosdlara.com\/wp-content\/uploads\/2020\/09\/Logo-Gumbia-1-e1601385953122.png","contentUrl":"https:\/\/deshidratadosdlara.com\/wp-content\/uploads\/2020\/09\/Logo-Gumbia-1-e1601385953122.png","width":180,"height":97,"caption":"Deshidratados"},"image":{"@id":"http:\/\/deshidratadosdlara.com\/en\/#\/schema\/logo\/image\/"}}]}},"_links":{"self":[{"href":"https:\/\/deshidratadosdlara.com\/en\/wp-json\/wp\/v2\/product\/2362","targetHints":{"allow":["GET"]}}],"collection":[{"href":"https:\/\/deshidratadosdlara.com\/en\/wp-json\/wp\/v2\/product"}],"about":[{"href":"https:\/\/deshidratadosdlara.com\/en\/wp-json\/wp\/v2\/types\/product"}],"version-history":[{"count":6,"href":"https:\/\/deshidratadosdlara.com\/en\/wp-json\/wp\/v2\/product\/2362\/revisions"}],"predecessor-version":[{"id":2979,"href":"https:\/\/deshidratadosdlara.com\/en\/wp-json\/wp\/v2\/product\/2362\/revisions\/2979"}],"wp:featuredmedia":[{"embeddable":true,"href":"https:\/\/deshidratadosdlara.com\/en\/wp-json\/wp\/v2\/media\/2741"}],"wp:attachment":[{"href":"https:\/\/deshidratadosdlara.com\/en\/wp-json\/wp\/v2\/media?parent=2362"}],"wp:term":[{"taxonomy":"product_brand","embeddable":true,"href":"https:\/\/deshidratadosdlara.com\/en\/wp-json\/wp\/v2\/product_brand?post=2362"},{"taxonomy":"product_cat","embeddable":true,"href":"https:\/\/deshidratadosdlara.com\/en\/wp-json\/wp\/v2\/product_cat?post=2362"},{"taxonomy":"product_tag","embeddable":true,"href":"https:\/\/deshidratadosdlara.com\/en\/wp-json\/wp\/v2\/product_tag?post=2362"}],"curies":[{"name":"wp","href":"https:\/\/api.w.org\/{rel}","templated":true}]}}