{"id":2355,"date":"2021-06-10T11:35:43","date_gmt":"2021-06-10T16:35:43","guid":{"rendered":"https:\/\/deshidratadosdlara.com\/?post_type=product&#038;p=2355"},"modified":"2026-01-22T16:01:47","modified_gmt":"2026-01-22T21:01:47","slug":"2-unds-aromatica-familiar-gumbia-175g","status":"publish","type":"product","link":"https:\/\/deshidratadosdlara.com\/en\/product\/2-unds-aromatica-familiar-gumbia-175g\/","title":{"rendered":"Mix de frutas  Gumbia , Mango, Pi\u00f1a, Uchuva, Fresa .  175g"},"content":{"rendered":"<p style=\"margin: 0cm; vertical-align: baseline;\"><span style=\"font-size: 11.5pt; font-family: 'Arial',sans-serif; color: #1d1d23;\">\u00a0<\/span><span style=\"font-size: 11.5pt; font-family: 'Arial',sans-serif; color: #1d1d23;\">MIX DE FRUTAS DESHIDRATADAS GUMBIA 175 gr<\/span><\/p>\n<p>MANGO, PI\u00d1A,\u00a0 UCHUVA Y FRESA<\/p>\n<p style=\"margin: 0cm; vertical-align: baseline;\"><span style=\"font-size: 11.5pt; font-family: 'Arial',sans-serif; color: #1d1d23;\">\u00a0<\/span><\/p>\n<p>Pedacitos de frutas mezclada ( Mango ,Pi\u00f1a, Uchuva y fresa)\u00a0 ideal para hacer infusi\u00f3n. 100% natural, sin qu\u00edmicos , ni conservantes, sin adici\u00f3n de az\u00facar. Disuelva\u00a0 una cucharada\u00a0 (10 gr) de MIX DE FRUTAS , en agua caliente, espere\u00a0 de 3 a 5\u00a0minutos y disfrute su sabor. Puede adicionar\u00a0 hielo y soda para una bebida refrescante.<\/p>\n<p style=\"margin: 0cm; vertical-align: baseline; box-sizing: inherit; outline: 0px; font-variant-ligatures: normal; font-variant-caps: normal; orphans: 2; text-align: start; widows: 2; -webkit-text-stroke-width: 0px; text-decoration-thickness: initial; text-decoration-style: initial; text-decoration-color: initial; word-spacing: 0px;\">\n<div id=\"deshi-3646807287\" class=\"deshi-despues-del-contenido deshi-entity-placement\"><a href=\"https:\/\/digiartia.com\" aria-label=\"PortadaFacebook-1-1-1-1-1-1-1-1-1-1-1-1-1-1-1-1-1-1-1-1-1-1-1-1-1-1-1-1-1-1-1-1-1-1-1-1-1-1-1-1-1-1-1-1-1-1-1-1-1-1-1-1-1-1-1-1-1-1-1-1-1-1-1-1-1.jpg\"><img src=\"https:\/\/deshidratadosdlara.com\/wp-content\/uploads\/2020\/10\/PortadaFacebook-1-1-1-1-1-1-1-1-1-1-1-1-1-1-1-1-1-1-1-1-1-1-1-1-1-1-1-1-1-1-1-1-1-1-1-1-1-1-1-1-1-1-1-1-1-1-1-1-1-1-1-1-1-1-1-1-1-1-1-1-1-1-1-1-1-1.jpg\" alt=\"\"  srcset=\"https:\/\/deshidratadosdlara.com\/wp-content\/uploads\/2020\/10\/PortadaFacebook-1-1-1-1-1-1-1-1-1-1-1-1-1-1-1-1-1-1-1-1-1-1-1-1-1-1-1-1-1-1-1-1-1-1-1-1-1-1-1-1-1-1-1-1-1-1-1-1-1-1-1-1-1-1-1-1-1-1-1-1-1-1-1-1-1-1.jpg 820w, https:\/\/deshidratadosdlara.com\/wp-content\/uploads\/2020\/10\/PortadaFacebook-1-1-1-1-1-1-1-1-1-1-1-1-1-1-1-1-1-1-1-1-1-1-1-1-1-1-1-1-1-1-1-1-1-1-1-1-1-1-1-1-1-1-1-1-1-1-1-1-1-1-1-1-1-1-1-1-1-1-1-1-1-1-1-1-1-1-300x114.jpg 300w, https:\/\/deshidratadosdlara.com\/wp-content\/uploads\/2020\/10\/PortadaFacebook-1-1-1-1-1-1-1-1-1-1-1-1-1-1-1-1-1-1-1-1-1-1-1-1-1-1-1-1-1-1-1-1-1-1-1-1-1-1-1-1-1-1-1-1-1-1-1-1-1-1-1-1-1-1-1-1-1-1-1-1-1-1-1-1-1-1-768x292.jpg 768w, https:\/\/deshidratadosdlara.com\/wp-content\/uploads\/2020\/10\/PortadaFacebook-1-1-1-1-1-1-1-1-1-1-1-1-1-1-1-1-1-1-1-1-1-1-1-1-1-1-1-1-1-1-1-1-1-1-1-1-1-1-1-1-1-1-1-1-1-1-1-1-1-1-1-1-1-1-1-1-1-1-1-1-1-1-1-1-1-1-600x228.jpg 600w\" sizes=\"(max-width: 820px) 100vw, 820px\" width=\"300\" height=\"150\"  style=\"display: inline-block;\" \/><\/a><\/div>","protected":false},"excerpt":{"rendered":"<p>\u00a0MIX DE FRUTAS DESHIDRATADAS GUMBIA 175 gr MANGO, PI\u00d1A,\u00a0 UCHUVA Y FRESA \u00a0 Pedacitos de frutas mezclada ( Mango ,Pi\u00f1a, Uchuva y fresa)\u00a0 ideal para hacer infusi\u00f3n. 100% natural, sin qu\u00edmicos , ni conservantes, sin adici\u00f3n de az\u00facar. Disuelva\u00a0 una cucharada\u00a0 (10 gr) de MIX DE FRUTAS , en agua caliente, espere\u00a0 de 3 a [&hellip;]<\/p>\n","protected":false},"featured_media":3024,"template":"","meta":{"site-sidebar-layout":"default","site-content-layout":"default","ast-site-content-layout":"default","site-content-style":"default","site-sidebar-style":"default","ast-global-header-display":"","ast-banner-title-visibility":"","ast-main-header-display":"","ast-hfb-above-header-display":"","ast-hfb-below-header-display":"","ast-hfb-mobile-header-display":"","site-post-title":"","ast-breadcrumbs-content":"","ast-featured-img":"","footer-sml-layout":"","ast-disable-related-posts":"","theme-transparent-header-meta":"default","adv-header-id-meta":"","stick-header-meta":"","header-above-stick-meta":"","header-main-stick-meta":"","header-below-stick-meta":"","astra-migrate-meta-layouts":"set","ast-page-background-enabled":"default","ast-page-background-meta":{"desktop":{"background-color":"","background-image":"","background-repeat":"repeat","background-position":"center center","background-size":"auto","background-attachment":"scroll","background-type":"","background-media":"","overlay-type":"","overlay-color":"","overlay-opacity":"","overlay-gradient":""},"tablet":{"background-color":"","background-image":"","background-repeat":"repeat","background-position":"center center","background-size":"auto","background-attachment":"scroll","background-type":"","background-media":"","overlay-type":"","overlay-color":"","overlay-opacity":"","overlay-gradient":""},"mobile":{"background-color":"","background-image":"","background-repeat":"repeat","background-position":"center center","background-size":"auto","background-attachment":"scroll","background-type":"","background-media":"","overlay-type":"","overlay-color":"","overlay-opacity":"","overlay-gradient":""}},"ast-content-background-meta":{"desktop":{"background-color":"var(--ast-global-color-5)","background-image":"","background-repeat":"repeat","background-position":"center center","background-size":"auto","background-attachment":"scroll","background-type":"","background-media":"","overlay-type":"","overlay-color":"","overlay-opacity":"","overlay-gradient":""},"tablet":{"background-color":"var(--ast-global-color-5)","background-image":"","background-repeat":"repeat","background-position":"center center","background-size":"auto","background-attachment":"scroll","background-type":"","background-media":"","overlay-type":"","overlay-color":"","overlay-opacity":"","overlay-gradient":""},"mobile":{"background-color":"var(--ast-global-color-5)","background-image":"","background-repeat":"repeat","background-position":"center center","background-size":"auto","background-attachment":"scroll","background-type":"","background-media":"","overlay-type":"","overlay-color":"","overlay-opacity":"","overlay-gradient":""}},"_joinchat":[]},"product_brand":[],"product_cat":[22],"product_tag":[],"class_list":{"0":"post-2355","1":"product","2":"type-product","3":"status-publish","4":"has-post-thumbnail","6":"product_cat-despensa","7":"desktop-align-left","8":"tablet-align-left","9":"mobile-align-left","11":"first","12":"instock","13":"taxable","14":"shipping-taxable","15":"purchasable","16":"product-type-simple"},"yoast_head":"<!-- This site is optimized with the Yoast SEO plugin v27.4 - https:\/\/yoast.com\/product\/yoast-seo-wordpress\/ -->\n<title>Mix de frutas Gumbia , Mango, Pi\u00f1a, Uchuva, Fresa . 175g - Deshidratados<\/title>\n<meta name=\"robots\" content=\"index, follow, max-snippet:-1, max-image-preview:large, max-video-preview:-1\" \/>\n<link rel=\"canonical\" href=\"https:\/\/deshidratadosdlara.com\/en\/product\/2-unds-aromatica-familiar-gumbia-175g\/\" \/>\n<meta property=\"og:locale\" content=\"en_US\" \/>\n<meta property=\"og:type\" content=\"article\" \/>\n<meta property=\"og:title\" content=\"Mix de frutas Gumbia , Mango, Pi\u00f1a, Uchuva, Fresa . 175g - Deshidratados\" \/>\n<meta property=\"og:description\" content=\"\u00a0MIX DE FRUTAS DESHIDRATADAS GUMBIA 175 gr MANGO, PI\u00d1A,\u00a0 UCHUVA Y FRESA \u00a0 Pedacitos de frutas mezclada ( Mango ,Pi\u00f1a, Uchuva y fresa)\u00a0 ideal para hacer infusi\u00f3n. 100% natural, sin qu\u00edmicos , ni conservantes, sin adici\u00f3n de az\u00facar. Disuelva\u00a0 una cucharada\u00a0 (10 gr) de MIX DE FRUTAS , en agua caliente, espere\u00a0 de 3 a [&hellip;]\" \/>\n<meta property=\"og:url\" content=\"https:\/\/deshidratadosdlara.com\/en\/product\/2-unds-aromatica-familiar-gumbia-175g\/\" \/>\n<meta property=\"og:site_name\" content=\"Deshidratados\" \/>\n<meta property=\"article:modified_time\" content=\"2026-01-22T21:01:47+00:00\" \/>\n<meta property=\"og:image\" content=\"https:\/\/deshidratadosdlara.com\/wp-content\/uploads\/2021\/06\/Mix_de_frutas_175_.jpg\" \/>\n\t<meta property=\"og:image:width\" content=\"374\" \/>\n\t<meta property=\"og:image:height\" content=\"664\" \/>\n\t<meta property=\"og:image:type\" content=\"image\/jpeg\" \/>\n<meta name=\"twitter:card\" content=\"summary_large_image\" \/>\n<meta name=\"twitter:label1\" content=\"Est. reading time\" \/>\n\t<meta name=\"twitter:data1\" content=\"1 minute\" \/>\n<script type=\"application\/ld+json\" class=\"yoast-schema-graph\">{\"@context\":\"https:\\\/\\\/schema.org\",\"@graph\":[{\"@type\":\"WebPage\",\"@id\":\"https:\\\/\\\/deshidratadosdlara.com\\\/product\\\/2-unds-aromatica-familiar-gumbia-175g\\\/\",\"url\":\"https:\\\/\\\/deshidratadosdlara.com\\\/product\\\/2-unds-aromatica-familiar-gumbia-175g\\\/\",\"name\":\"Mix de frutas Gumbia , Mango, Pi\u00f1a, Uchuva, Fresa . 175g - Deshidratados\",\"isPartOf\":{\"@id\":\"http:\\\/\\\/deshidratadosdlara.com\\\/en\\\/#website\"},\"primaryImageOfPage\":{\"@id\":\"https:\\\/\\\/deshidratadosdlara.com\\\/product\\\/2-unds-aromatica-familiar-gumbia-175g\\\/#primaryimage\"},\"image\":{\"@id\":\"https:\\\/\\\/deshidratadosdlara.com\\\/product\\\/2-unds-aromatica-familiar-gumbia-175g\\\/#primaryimage\"},\"thumbnailUrl\":\"https:\\\/\\\/deshidratadosdlara.com\\\/wp-content\\\/uploads\\\/2021\\\/06\\\/Mix_de_frutas_175_.jpg\",\"datePublished\":\"2021-06-10T16:35:43+00:00\",\"dateModified\":\"2026-01-22T21:01:47+00:00\",\"breadcrumb\":{\"@id\":\"https:\\\/\\\/deshidratadosdlara.com\\\/product\\\/2-unds-aromatica-familiar-gumbia-175g\\\/#breadcrumb\"},\"inLanguage\":\"en-US\",\"potentialAction\":[{\"@type\":\"ReadAction\",\"target\":[\"https:\\\/\\\/deshidratadosdlara.com\\\/product\\\/2-unds-aromatica-familiar-gumbia-175g\\\/\"]}]},{\"@type\":\"ImageObject\",\"inLanguage\":\"en-US\",\"@id\":\"https:\\\/\\\/deshidratadosdlara.com\\\/product\\\/2-unds-aromatica-familiar-gumbia-175g\\\/#primaryimage\",\"url\":\"https:\\\/\\\/deshidratadosdlara.com\\\/wp-content\\\/uploads\\\/2021\\\/06\\\/Mix_de_frutas_175_.jpg\",\"contentUrl\":\"https:\\\/\\\/deshidratadosdlara.com\\\/wp-content\\\/uploads\\\/2021\\\/06\\\/Mix_de_frutas_175_.jpg\",\"width\":374,\"height\":664},{\"@type\":\"BreadcrumbList\",\"@id\":\"https:\\\/\\\/deshidratadosdlara.com\\\/product\\\/2-unds-aromatica-familiar-gumbia-175g\\\/#breadcrumb\",\"itemListElement\":[{\"@type\":\"ListItem\",\"position\":1,\"name\":\"Home\",\"item\":\"https:\\\/\\\/deshidratadosdlara.com\\\/\"},{\"@type\":\"ListItem\",\"position\":2,\"name\":\"TIENDA\",\"item\":\"http:\\\/\\\/deshidratadosdlara.com\\\/en\\\/tienda\\\/\"},{\"@type\":\"ListItem\",\"position\":3,\"name\":\"Mix de frutas Gumbia , Mango, Pi\u00f1a, Uchuva, Fresa . 175g\"}]},{\"@type\":\"WebSite\",\"@id\":\"http:\\\/\\\/deshidratadosdlara.com\\\/en\\\/#website\",\"url\":\"http:\\\/\\\/deshidratadosdlara.com\\\/en\\\/\",\"name\":\"Deshidratados\",\"description\":\"\",\"publisher\":{\"@id\":\"http:\\\/\\\/deshidratadosdlara.com\\\/en\\\/#organization\"},\"potentialAction\":[{\"@type\":\"SearchAction\",\"target\":{\"@type\":\"EntryPoint\",\"urlTemplate\":\"http:\\\/\\\/deshidratadosdlara.com\\\/en\\\/?s={search_term_string}\"},\"query-input\":{\"@type\":\"PropertyValueSpecification\",\"valueRequired\":true,\"valueName\":\"search_term_string\"}}],\"inLanguage\":\"en-US\"},{\"@type\":\"Organization\",\"@id\":\"http:\\\/\\\/deshidratadosdlara.com\\\/en\\\/#organization\",\"name\":\"Deshidratados\",\"url\":\"http:\\\/\\\/deshidratadosdlara.com\\\/en\\\/\",\"logo\":{\"@type\":\"ImageObject\",\"inLanguage\":\"en-US\",\"@id\":\"http:\\\/\\\/deshidratadosdlara.com\\\/en\\\/#\\\/schema\\\/logo\\\/image\\\/\",\"url\":\"https:\\\/\\\/deshidratadosdlara.com\\\/wp-content\\\/uploads\\\/2020\\\/09\\\/Logo-Gumbia-1-e1601385953122.png\",\"contentUrl\":\"https:\\\/\\\/deshidratadosdlara.com\\\/wp-content\\\/uploads\\\/2020\\\/09\\\/Logo-Gumbia-1-e1601385953122.png\",\"width\":180,\"height\":97,\"caption\":\"Deshidratados\"},\"image\":{\"@id\":\"http:\\\/\\\/deshidratadosdlara.com\\\/en\\\/#\\\/schema\\\/logo\\\/image\\\/\"}}]}<\/script>\n<!-- \/ Yoast SEO plugin. -->","yoast_head_json":{"title":"Mix de frutas Gumbia , Mango, Pi\u00f1a, Uchuva, Fresa . 175g - Deshidratados","robots":{"index":"index","follow":"follow","max-snippet":"max-snippet:-1","max-image-preview":"max-image-preview:large","max-video-preview":"max-video-preview:-1"},"canonical":"https:\/\/deshidratadosdlara.com\/en\/product\/2-unds-aromatica-familiar-gumbia-175g\/","og_locale":"en_US","og_type":"article","og_title":"Mix de frutas Gumbia , Mango, Pi\u00f1a, Uchuva, Fresa . 175g - Deshidratados","og_description":"\u00a0MIX DE FRUTAS DESHIDRATADAS GUMBIA 175 gr MANGO, PI\u00d1A,\u00a0 UCHUVA Y FRESA \u00a0 Pedacitos de frutas mezclada ( Mango ,Pi\u00f1a, Uchuva y fresa)\u00a0 ideal para hacer infusi\u00f3n. 100% natural, sin qu\u00edmicos , ni conservantes, sin adici\u00f3n de az\u00facar. Disuelva\u00a0 una cucharada\u00a0 (10 gr) de MIX DE FRUTAS , en agua caliente, espere\u00a0 de 3 a [&hellip;]","og_url":"https:\/\/deshidratadosdlara.com\/en\/product\/2-unds-aromatica-familiar-gumbia-175g\/","og_site_name":"Deshidratados","article_modified_time":"2026-01-22T21:01:47+00:00","og_image":[{"width":374,"height":664,"url":"https:\/\/deshidratadosdlara.com\/wp-content\/uploads\/2021\/06\/Mix_de_frutas_175_.jpg","type":"image\/jpeg"}],"twitter_card":"summary_large_image","twitter_misc":{"Est. reading time":"1 minute"},"schema":{"@context":"https:\/\/schema.org","@graph":[{"@type":"WebPage","@id":"https:\/\/deshidratadosdlara.com\/product\/2-unds-aromatica-familiar-gumbia-175g\/","url":"https:\/\/deshidratadosdlara.com\/product\/2-unds-aromatica-familiar-gumbia-175g\/","name":"Mix de frutas Gumbia , Mango, Pi\u00f1a, Uchuva, Fresa . 175g - Deshidratados","isPartOf":{"@id":"http:\/\/deshidratadosdlara.com\/en\/#website"},"primaryImageOfPage":{"@id":"https:\/\/deshidratadosdlara.com\/product\/2-unds-aromatica-familiar-gumbia-175g\/#primaryimage"},"image":{"@id":"https:\/\/deshidratadosdlara.com\/product\/2-unds-aromatica-familiar-gumbia-175g\/#primaryimage"},"thumbnailUrl":"https:\/\/deshidratadosdlara.com\/wp-content\/uploads\/2021\/06\/Mix_de_frutas_175_.jpg","datePublished":"2021-06-10T16:35:43+00:00","dateModified":"2026-01-22T21:01:47+00:00","breadcrumb":{"@id":"https:\/\/deshidratadosdlara.com\/product\/2-unds-aromatica-familiar-gumbia-175g\/#breadcrumb"},"inLanguage":"en-US","potentialAction":[{"@type":"ReadAction","target":["https:\/\/deshidratadosdlara.com\/product\/2-unds-aromatica-familiar-gumbia-175g\/"]}]},{"@type":"ImageObject","inLanguage":"en-US","@id":"https:\/\/deshidratadosdlara.com\/product\/2-unds-aromatica-familiar-gumbia-175g\/#primaryimage","url":"https:\/\/deshidratadosdlara.com\/wp-content\/uploads\/2021\/06\/Mix_de_frutas_175_.jpg","contentUrl":"https:\/\/deshidratadosdlara.com\/wp-content\/uploads\/2021\/06\/Mix_de_frutas_175_.jpg","width":374,"height":664},{"@type":"BreadcrumbList","@id":"https:\/\/deshidratadosdlara.com\/product\/2-unds-aromatica-familiar-gumbia-175g\/#breadcrumb","itemListElement":[{"@type":"ListItem","position":1,"name":"Home","item":"https:\/\/deshidratadosdlara.com\/"},{"@type":"ListItem","position":2,"name":"TIENDA","item":"http:\/\/deshidratadosdlara.com\/en\/tienda\/"},{"@type":"ListItem","position":3,"name":"Mix de frutas Gumbia , Mango, Pi\u00f1a, Uchuva, Fresa . 175g"}]},{"@type":"WebSite","@id":"http:\/\/deshidratadosdlara.com\/en\/#website","url":"http:\/\/deshidratadosdlara.com\/en\/","name":"Deshidratados","description":"","publisher":{"@id":"http:\/\/deshidratadosdlara.com\/en\/#organization"},"potentialAction":[{"@type":"SearchAction","target":{"@type":"EntryPoint","urlTemplate":"http:\/\/deshidratadosdlara.com\/en\/?s={search_term_string}"},"query-input":{"@type":"PropertyValueSpecification","valueRequired":true,"valueName":"search_term_string"}}],"inLanguage":"en-US"},{"@type":"Organization","@id":"http:\/\/deshidratadosdlara.com\/en\/#organization","name":"Deshidratados","url":"http:\/\/deshidratadosdlara.com\/en\/","logo":{"@type":"ImageObject","inLanguage":"en-US","@id":"http:\/\/deshidratadosdlara.com\/en\/#\/schema\/logo\/image\/","url":"https:\/\/deshidratadosdlara.com\/wp-content\/uploads\/2020\/09\/Logo-Gumbia-1-e1601385953122.png","contentUrl":"https:\/\/deshidratadosdlara.com\/wp-content\/uploads\/2020\/09\/Logo-Gumbia-1-e1601385953122.png","width":180,"height":97,"caption":"Deshidratados"},"image":{"@id":"http:\/\/deshidratadosdlara.com\/en\/#\/schema\/logo\/image\/"}}]}},"_links":{"self":[{"href":"https:\/\/deshidratadosdlara.com\/en\/wp-json\/wp\/v2\/product\/2355","targetHints":{"allow":["GET"]}}],"collection":[{"href":"https:\/\/deshidratadosdlara.com\/en\/wp-json\/wp\/v2\/product"}],"about":[{"href":"https:\/\/deshidratadosdlara.com\/en\/wp-json\/wp\/v2\/types\/product"}],"version-history":[{"count":6,"href":"https:\/\/deshidratadosdlara.com\/en\/wp-json\/wp\/v2\/product\/2355\/revisions"}],"predecessor-version":[{"id":3001,"href":"https:\/\/deshidratadosdlara.com\/en\/wp-json\/wp\/v2\/product\/2355\/revisions\/3001"}],"wp:featuredmedia":[{"embeddable":true,"href":"https:\/\/deshidratadosdlara.com\/en\/wp-json\/wp\/v2\/media\/3024"}],"wp:attachment":[{"href":"https:\/\/deshidratadosdlara.com\/en\/wp-json\/wp\/v2\/media?parent=2355"}],"wp:term":[{"taxonomy":"product_brand","embeddable":true,"href":"https:\/\/deshidratadosdlara.com\/en\/wp-json\/wp\/v2\/product_brand?post=2355"},{"taxonomy":"product_cat","embeddable":true,"href":"https:\/\/deshidratadosdlara.com\/en\/wp-json\/wp\/v2\/product_cat?post=2355"},{"taxonomy":"product_tag","embeddable":true,"href":"https:\/\/deshidratadosdlara.com\/en\/wp-json\/wp\/v2\/product_tag?post=2355"}],"curies":[{"name":"wp","href":"https:\/\/api.w.org\/{rel}","templated":true}]}}